{"id":57,"date":"2022-09-13T15:53:54","date_gmt":"2022-09-13T15:53:54","guid":{"rendered":"https:\/\/ganting.si\/?page_id=57"},"modified":"2022-10-07T17:23:07","modified_gmt":"2022-10-07T15:23:07","slug":"ganting","status":"publish","type":"page","link":"https:\/\/ganting.si\/?page_id=57","title":{"rendered":"ganting"},"content":{"rendered":"\t\t<div data-elementor-type=\"wp-page\" data-elementor-id=\"57\" class=\"elementor elementor-57\">\n\t\t\t\t\t\t\t\t\t<section class=\"elementor-section elementor-top-section elementor-element elementor-element-f50c3a8 elementor-section-boxed elementor-section-height-default elementor-section-height-default\" data-id=\"f50c3a8\" data-element_type=\"section\" data-settings=\"{&quot;background_background&quot;:&quot;classic&quot;}\">\n\t\t\t\t\t\t<div class=\"elementor-container elementor-column-gap-default\">\n\t\t\t\t\t<div class=\"elementor-column elementor-col-50 elementor-top-column elementor-element elementor-element-f4717fb\" data-id=\"f4717fb\" data-element_type=\"column\">\n\t\t\t<div class=\"elementor-widget-wrap elementor-element-populated\">\n\t\t\t\t\t\t\t\t<div class=\"elementor-element elementor-element-4a0a4a9 elementor-widget elementor-widget-heading\" data-id=\"4a0a4a9\" data-element_type=\"widget\" data-widget_type=\"heading.default\">\n\t\t\t\t<div class=\"elementor-widget-container\">\n\t\t\t<style>\/*! elementor - v3.12.1 - 02-04-2023 *\/\n.elementor-heading-title{padding:0;margin:0;line-height:1}.elementor-widget-heading .elementor-heading-title[class*=elementor-size-]>a{color:inherit;font-size:inherit;line-height:inherit}.elementor-widget-heading .elementor-heading-title.elementor-size-small{font-size:15px}.elementor-widget-heading .elementor-heading-title.elementor-size-medium{font-size:19px}.elementor-widget-heading .elementor-heading-title.elementor-size-large{font-size:29px}.elementor-widget-heading .elementor-heading-title.elementor-size-xl{font-size:39px}.elementor-widget-heading .elementor-heading-title.elementor-size-xxl{font-size:59px}<\/style><h2 class=\"elementor-heading-title elementor-size-default\">relejska za\u0161\u010dita<\/h2>\t\t<\/div>\n\t\t\t\t<\/div>\n\t\t\t\t\t<\/div>\n\t\t<\/div>\n\t\t\t\t<div class=\"elementor-column elementor-col-50 elementor-top-column elementor-element elementor-element-5c3fdbc\" data-id=\"5c3fdbc\" data-element_type=\"column\">\n\t\t\t<div class=\"elementor-widget-wrap elementor-element-populated\">\n\t\t\t\t\t\t\t\t<div class=\"elementor-element elementor-element-06bbc82 elementor-icon-list--layout-inline elementor-align-right elementor-list-item-link-full_width elementor-widget elementor-widget-icon-list\" data-id=\"06bbc82\" data-element_type=\"widget\" data-widget_type=\"icon-list.default\">\n\t\t\t\t<div class=\"elementor-widget-container\">\n\t\t\t<link rel=\"stylesheet\" href=\"https:\/\/ganting.si\/wp-content\/plugins\/elementor\/assets\/css\/widget-icon-list.min.css\">\t\t<ul class=\"elementor-icon-list-items elementor-inline-items\">\n\t\t\t\t\t\t\t<li class=\"elementor-icon-list-item elementor-inline-item\">\n\t\t\t\t\t\t\t\t\t\t\t<a href=\"https:\/\/ganting.si\/?page_id=55\">\n\n\t\t\t\t\t\t\t\t\t\t\t\t<span class=\"elementor-icon-list-icon\">\n\t\t\t\t\t\t\t<i aria-hidden=\"true\" class=\"fas fa-chevron-right\"><\/i>\t\t\t\t\t\t<\/span>\n\t\t\t\t\t\t\t\t\t\t<span class=\"elementor-icon-list-text\">Relejska za\u0161\u010dita<\/span>\n\t\t\t\t\t\t\t\t\t\t\t<\/a>\n\t\t\t\t\t\t\t\t\t<\/li>\n\t\t\t\t\t\t\t\t<li class=\"elementor-icon-list-item elementor-inline-item\">\n\t\t\t\t\t\t\t\t\t\t\t<a href=\"https:\/\/ganting.si\/?page_id=1100\">\n\n\t\t\t\t\t\t\t\t\t\t\t\t<span class=\"elementor-icon-list-icon\">\n\t\t\t\t\t\t\t<i aria-hidden=\"true\" class=\"fas fa-chevron-right\"><\/i>\t\t\t\t\t\t<\/span>\n\t\t\t\t\t\t\t\t\t\t<span class=\"elementor-icon-list-text\">Testna oprema<\/span>\n\t\t\t\t\t\t\t\t\t\t\t<\/a>\n\t\t\t\t\t\t\t\t\t<\/li>\n\t\t\t\t\t\t\t\t<li class=\"elementor-icon-list-item elementor-inline-item\">\n\t\t\t\t\t\t\t\t\t\t\t<a href=\"https:\/\/ganting.si\/?page_id=57\">\n\n\t\t\t\t\t\t\t\t\t\t\t\t<span class=\"elementor-icon-list-icon\">\n\t\t\t\t\t\t\t<i aria-hidden=\"true\" class=\"fas fa-chevron-down\"><\/i>\t\t\t\t\t\t<\/span>\n\t\t\t\t\t\t\t\t\t\t<span class=\"elementor-icon-list-text\">Ganting<\/span>\n\t\t\t\t\t\t\t\t\t\t\t<\/a>\n\t\t\t\t\t\t\t\t\t<\/li>\n\t\t\t\t\t\t<\/ul>\n\t\t\t\t<\/div>\n\t\t\t\t<\/div>\n\t\t\t\t\t<\/div>\n\t\t<\/div>\n\t\t\t\t\t\t\t<\/div>\n\t\t<\/section>\n\t\t\t\t<section class=\"elementor-section elementor-top-section elementor-element elementor-element-c20d777 elementor-section-boxed elementor-section-height-default elementor-section-height-default\" data-id=\"c20d777\" data-element_type=\"section\">\n\t\t\t\t\t\t<div class=\"elementor-container elementor-column-gap-default\">\n\t\t\t\t\t<div class=\"elementor-column elementor-col-50 elementor-top-column elementor-element elementor-element-9d4632b\" data-id=\"9d4632b\" data-element_type=\"column\" data-settings=\"{&quot;background_background&quot;:&quot;classic&quot;}\">\n\t\t\t<div class=\"elementor-widget-wrap elementor-element-populated\">\n\t\t\t\t\t\t\t\t<div class=\"elementor-element elementor-element-f5ca4f7 elementor-widget elementor-widget-text-editor\" data-id=\"f5ca4f7\" data-element_type=\"widget\" data-widget_type=\"text-editor.default\">\n\t\t\t\t<div class=\"elementor-widget-container\">\n\t\t\t<style>\/*! elementor - v3.12.1 - 02-04-2023 *\/\n.elementor-widget-text-editor.elementor-drop-cap-view-stacked .elementor-drop-cap{background-color:#69727d;color:#fff}.elementor-widget-text-editor.elementor-drop-cap-view-framed .elementor-drop-cap{color:#69727d;border:3px solid;background-color:transparent}.elementor-widget-text-editor:not(.elementor-drop-cap-view-default) .elementor-drop-cap{margin-top:8px}.elementor-widget-text-editor:not(.elementor-drop-cap-view-default) .elementor-drop-cap-letter{width:1em;height:1em}.elementor-widget-text-editor .elementor-drop-cap{float:left;text-align:center;line-height:1;font-size:50px}.elementor-widget-text-editor .elementor-drop-cap-letter{display:inline-block}<\/style>\t\t\t\t<h2>KONTAKTNI PODATKI<\/h2><p>Ganting, d.o.o.<\/p><p>Zg. Pirni\u010de 90\/c, 1215 Medvode<\/p><p>tel: +386 1 36 21 117<\/p><p>e-po\u0161ta:\u00a0<a href=\"mailto:ganting@siol.net?subject=web site mail\">ganting@siol.net<\/a><\/p><p>www.ganting.si<\/p>\t\t\t\t\t\t<\/div>\n\t\t\t\t<\/div>\n\t\t\t\t\t<\/div>\n\t\t<\/div>\n\t\t\t\t<div class=\"elementor-column elementor-col-50 elementor-top-column elementor-element elementor-element-ae7bc7c\" data-id=\"ae7bc7c\" data-element_type=\"column\">\n\t\t\t<div class=\"elementor-widget-wrap elementor-element-populated\">\n\t\t\t\t\t\t\t\t<div class=\"elementor-element elementor-element-65c4bfc elementor-widget elementor-widget-google_maps\" data-id=\"65c4bfc\" data-element_type=\"widget\" data-widget_type=\"google_maps.default\">\n\t\t\t\t<div class=\"elementor-widget-container\">\n\t\t\t<style>\/*! elementor - v3.12.1 - 02-04-2023 *\/\n.elementor-widget-google_maps .elementor-widget-container{overflow:hidden}.elementor-widget-google_maps .elementor-custom-embed{line-height:0}.elementor-widget-google_maps iframe{height:300px}<\/style>\t\t<div class=\"elementor-custom-embed\">\n\t\t\t<iframe loading=\"lazy\"\n\t\t\t\t\tsrc=\"https:\/\/maps.google.com\/maps?q=Ganting%20d.o.o.%2C%20Zgornje%20Pirni%C4%8De%2090%20c%2C%20Medvode&#038;t=m&#038;z=10&#038;output=embed&#038;iwloc=near\"\n\t\t\t\t\ttitle=\"Ganting d.o.o., Zgornje Pirni\u010de 90 c, Medvode\"\n\t\t\t\t\taria-label=\"Ganting d.o.o., Zgornje Pirni\u010de 90 c, Medvode\"\n\t\t\t><\/iframe>\n\t\t<\/div>\n\t\t\t\t<\/div>\n\t\t\t\t<\/div>\n\t\t\t\t\t<\/div>\n\t\t<\/div>\n\t\t\t\t\t\t\t<\/div>\n\t\t<\/section>\n\t\t\t\t<section class=\"elementor-section elementor-top-section elementor-element elementor-element-922e028 elementor-section-boxed elementor-section-height-default elementor-section-height-default\" data-id=\"922e028\" data-element_type=\"section\" data-settings=\"{&quot;background_background&quot;:&quot;classic&quot;}\">\n\t\t\t\t\t\t<div class=\"elementor-container elementor-column-gap-default\">\n\t\t\t\t\t<div class=\"elementor-column elementor-col-100 elementor-top-column elementor-element elementor-element-acf36f0\" data-id=\"acf36f0\" data-element_type=\"column\" data-settings=\"{&quot;background_background&quot;:&quot;classic&quot;}\">\n\t\t\t<div class=\"elementor-widget-wrap elementor-element-populated\">\n\t\t\t\t\t\t\t\t<div class=\"elementor-element elementor-element-8dde9d6 elementor-widget elementor-widget-text-editor\" data-id=\"8dde9d6\" data-element_type=\"widget\" data-widget_type=\"text-editor.default\">\n\t\t\t\t<div class=\"elementor-widget-container\">\n\t\t\t\t\t\t\t<h2>O PODJETJU<\/h2><p>Podjetje je bilo ustanovljeno leta 1989 kot zasebni aplikacijsko orientiran razvojni in\u0161titut.<\/p><p>Osnovno razvojno podro\u010dje je relejska za\u0161\u010dita za elektro energetiko. Specializirani smo za avtonomno samonapajano za\u0161\u010dito, kot so nadtokovni releji, frekven\u010dni in napetostni releji, signalizacijski in registracijski releji, diferencialna pilotska za\u0161\u010dita vodov. Izdelujemo tudi testno opremo za relejsko za\u0161\u010dito.<\/p><p>V podjetju smo razvili bogat program uporabne elektronike, z namenom prodaje licenc za proizvodnjo: geo-katodna za\u0161\u010dita proti rjavenju avtomobilov, radijsko pro\u017eeni zvonci, radio releji, mini C transformatorji za SMD in vti\u010dno monta\u017eo, AC DC napajalniki, foto MOS releji. Izdelki so atestirani in tr\u017eno preverjeni s pilotskimi serijami.<\/p>\t\t\t\t\t\t<\/div>\n\t\t\t\t<\/div>\n\t\t\t\t\t<\/div>\n\t\t<\/div>\n\t\t\t\t\t\t\t<\/div>\n\t\t<\/section>\n\t\t\t\t\t\t\t<\/div>\n\t\t","protected":false},"excerpt":{"rendered":"<p>relejska za\u0161\u010dita Relejska za\u0161\u010dita Testna oprema Ganting KONTAKTNI PODATKI Ganting, d.o.o. Zg. Pirni\u010de 90\/c, 1215 Medvode tel: +386 1 36 21 117 [&hellip;]<\/p>\n","protected":false},"author":1,"featured_media":0,"parent":0,"menu_order":0,"comment_status":"closed","ping_status":"closed","template":"elementor_header_footer","meta":[],"yoast_head":"<!-- This site is optimized with the Yoast SEO plugin v20.4 - https:\/\/yoast.com\/wordpress\/plugins\/seo\/ -->\n<title>ganting - Ganting<\/title>\n<meta name=\"robots\" content=\"index, follow, max-snippet:-1, max-image-preview:large, max-video-preview:-1\" \/>\n<link rel=\"canonical\" href=\"https:\/\/ganting.si\/?page_id=57\" \/>\n<meta property=\"og:locale\" content=\"sl_SI\" \/>\n<meta property=\"og:type\" content=\"article\" \/>\n<meta property=\"og:title\" content=\"ganting - Ganting\" \/>\n<meta property=\"og:description\" content=\"relejska za\u0161\u010dita Relejska za\u0161\u010dita Testna oprema Ganting KONTAKTNI PODATKI Ganting, d.o.o. Zg. Pirni\u010de 90\/c, 1215 Medvode tel: +386 1 36 21 117 [&hellip;]\" \/>\n<meta property=\"og:url\" content=\"https:\/\/ganting.si\/?page_id=57\" \/>\n<meta property=\"og:site_name\" content=\"Ganting\" \/>\n<meta property=\"article:modified_time\" content=\"2022-10-07T15:23:07+00:00\" \/>\n<meta name=\"twitter:card\" content=\"summary_large_image\" \/>\n<meta name=\"twitter:label1\" content=\"Est. reading time\" \/>\n\t<meta name=\"twitter:data1\" content=\"1 minuta\" \/>\n<script type=\"application\/ld+json\" class=\"yoast-schema-graph\">{\"@context\":\"https:\/\/schema.org\",\"@graph\":[{\"@type\":\"WebPage\",\"@id\":\"https:\/\/ganting.si\/?page_id=57\",\"url\":\"https:\/\/ganting.si\/?page_id=57\",\"name\":\"ganting - Ganting\",\"isPartOf\":{\"@id\":\"https:\/\/ganting.si\/#website\"},\"datePublished\":\"2022-09-13T15:53:54+00:00\",\"dateModified\":\"2022-10-07T15:23:07+00:00\",\"breadcrumb\":{\"@id\":\"https:\/\/ganting.si\/?page_id=57#breadcrumb\"},\"inLanguage\":\"sl-SI\",\"potentialAction\":[{\"@type\":\"ReadAction\",\"target\":[\"https:\/\/ganting.si\/?page_id=57\"]}]},{\"@type\":\"BreadcrumbList\",\"@id\":\"https:\/\/ganting.si\/?page_id=57#breadcrumb\",\"itemListElement\":[{\"@type\":\"ListItem\",\"position\":1,\"name\":\"Home\",\"item\":\"https:\/\/ganting.si\/\"},{\"@type\":\"ListItem\",\"position\":2,\"name\":\"ganting\"}]},{\"@type\":\"WebSite\",\"@id\":\"https:\/\/ganting.si\/#website\",\"url\":\"https:\/\/ganting.si\/\",\"name\":\"Ganting\",\"description\":\"Relay protection\",\"publisher\":{\"@id\":\"https:\/\/ganting.si\/#organization\"},\"potentialAction\":[{\"@type\":\"SearchAction\",\"target\":{\"@type\":\"EntryPoint\",\"urlTemplate\":\"https:\/\/ganting.si\/?s={search_term_string}\"},\"query-input\":\"required name=search_term_string\"}],\"inLanguage\":\"sl-SI\"},{\"@type\":\"Organization\",\"@id\":\"https:\/\/ganting.si\/#organization\",\"name\":\"Relay protection Ganting\",\"url\":\"https:\/\/ganting.si\/\",\"logo\":{\"@type\":\"ImageObject\",\"inLanguage\":\"sl-SI\",\"@id\":\"https:\/\/ganting.si\/#\/schema\/logo\/image\/\",\"url\":\"https:\/\/ganting.si\/wp-content\/uploads\/2022\/09\/ganting_logo_black.png\",\"contentUrl\":\"https:\/\/ganting.si\/wp-content\/uploads\/2022\/09\/ganting_logo_black.png\",\"width\":201,\"height\":27,\"caption\":\"Relay protection Ganting\"},\"image\":{\"@id\":\"https:\/\/ganting.si\/#\/schema\/logo\/image\/\"}}]}<\/script>\n<!-- \/ Yoast SEO plugin. -->","yoast_head_json":{"title":"ganting - Ganting","robots":{"index":"index","follow":"follow","max-snippet":"max-snippet:-1","max-image-preview":"max-image-preview:large","max-video-preview":"max-video-preview:-1"},"canonical":"https:\/\/ganting.si\/?page_id=57","og_locale":"sl_SI","og_type":"article","og_title":"ganting - Ganting","og_description":"relejska za\u0161\u010dita Relejska za\u0161\u010dita Testna oprema Ganting KONTAKTNI PODATKI Ganting, d.o.o. Zg. Pirni\u010de 90\/c, 1215 Medvode tel: +386 1 36 21 117 [&hellip;]","og_url":"https:\/\/ganting.si\/?page_id=57","og_site_name":"Ganting","article_modified_time":"2022-10-07T15:23:07+00:00","twitter_card":"summary_large_image","twitter_misc":{"Est. reading time":"1 minuta"},"schema":{"@context":"https:\/\/schema.org","@graph":[{"@type":"WebPage","@id":"https:\/\/ganting.si\/?page_id=57","url":"https:\/\/ganting.si\/?page_id=57","name":"ganting - Ganting","isPartOf":{"@id":"https:\/\/ganting.si\/#website"},"datePublished":"2022-09-13T15:53:54+00:00","dateModified":"2022-10-07T15:23:07+00:00","breadcrumb":{"@id":"https:\/\/ganting.si\/?page_id=57#breadcrumb"},"inLanguage":"sl-SI","potentialAction":[{"@type":"ReadAction","target":["https:\/\/ganting.si\/?page_id=57"]}]},{"@type":"BreadcrumbList","@id":"https:\/\/ganting.si\/?page_id=57#breadcrumb","itemListElement":[{"@type":"ListItem","position":1,"name":"Home","item":"https:\/\/ganting.si\/"},{"@type":"ListItem","position":2,"name":"ganting"}]},{"@type":"WebSite","@id":"https:\/\/ganting.si\/#website","url":"https:\/\/ganting.si\/","name":"Ganting","description":"Relay protection","publisher":{"@id":"https:\/\/ganting.si\/#organization"},"potentialAction":[{"@type":"SearchAction","target":{"@type":"EntryPoint","urlTemplate":"https:\/\/ganting.si\/?s={search_term_string}"},"query-input":"required name=search_term_string"}],"inLanguage":"sl-SI"},{"@type":"Organization","@id":"https:\/\/ganting.si\/#organization","name":"Relay protection Ganting","url":"https:\/\/ganting.si\/","logo":{"@type":"ImageObject","inLanguage":"sl-SI","@id":"https:\/\/ganting.si\/#\/schema\/logo\/image\/","url":"https:\/\/ganting.si\/wp-content\/uploads\/2022\/09\/ganting_logo_black.png","contentUrl":"https:\/\/ganting.si\/wp-content\/uploads\/2022\/09\/ganting_logo_black.png","width":201,"height":27,"caption":"Relay protection Ganting"},"image":{"@id":"https:\/\/ganting.si\/#\/schema\/logo\/image\/"}}]}},"_links":{"self":[{"href":"https:\/\/ganting.si\/index.php?rest_route=\/wp\/v2\/pages\/57"}],"collection":[{"href":"https:\/\/ganting.si\/index.php?rest_route=\/wp\/v2\/pages"}],"about":[{"href":"https:\/\/ganting.si\/index.php?rest_route=\/wp\/v2\/types\/page"}],"author":[{"embeddable":true,"href":"https:\/\/ganting.si\/index.php?rest_route=\/wp\/v2\/users\/1"}],"replies":[{"embeddable":true,"href":"https:\/\/ganting.si\/index.php?rest_route=%2Fwp%2Fv2%2Fcomments&post=57"}],"version-history":[{"count":53,"href":"https:\/\/ganting.si\/index.php?rest_route=\/wp\/v2\/pages\/57\/revisions"}],"predecessor-version":[{"id":2120,"href":"https:\/\/ganting.si\/index.php?rest_route=\/wp\/v2\/pages\/57\/revisions\/2120"}],"wp:attachment":[{"href":"https:\/\/ganting.si\/index.php?rest_route=%2Fwp%2Fv2%2Fmedia&parent=57"}],"curies":[{"name":"wp","href":"https:\/\/api.w.org\/{rel}","templated":true}]}}