{"id":1100,"date":"2022-09-20T18:06:58","date_gmt":"2022-09-20T16:06:58","guid":{"rendered":"https:\/\/ganting.si\/?page_id=1100"},"modified":"2022-10-07T17:16:28","modified_gmt":"2022-10-07T15:16:28","slug":"1100-2","status":"publish","type":"page","link":"https:\/\/ganting.si\/?page_id=1100","title":{"rendered":"slo_test_equipment"},"content":{"rendered":"\t\t<div data-elementor-type=\"wp-page\" data-elementor-id=\"1100\" class=\"elementor elementor-1100\">\n\t\t\t\t\t\t\t\t\t<section class=\"elementor-section elementor-top-section elementor-element elementor-element-d81af5b elementor-section-boxed elementor-section-height-default elementor-section-height-default\" data-id=\"d81af5b\" data-element_type=\"section\" data-settings=\"{&quot;background_background&quot;:&quot;classic&quot;}\">\n\t\t\t\t\t\t<div class=\"elementor-container elementor-column-gap-default\">\n\t\t\t\t\t<div class=\"elementor-column elementor-col-50 elementor-top-column elementor-element elementor-element-601e5f6\" data-id=\"601e5f6\" data-element_type=\"column\">\n\t\t\t<div class=\"elementor-widget-wrap elementor-element-populated\">\n\t\t\t\t\t\t\t\t<div class=\"elementor-element elementor-element-251b453 elementor-widget elementor-widget-heading\" data-id=\"251b453\" data-element_type=\"widget\" data-widget_type=\"heading.default\">\n\t\t\t\t<div class=\"elementor-widget-container\">\n\t\t\t<style>\/*! elementor - v3.12.1 - 02-04-2023 *\/\n.elementor-heading-title{padding:0;margin:0;line-height:1}.elementor-widget-heading .elementor-heading-title[class*=elementor-size-]>a{color:inherit;font-size:inherit;line-height:inherit}.elementor-widget-heading .elementor-heading-title.elementor-size-small{font-size:15px}.elementor-widget-heading .elementor-heading-title.elementor-size-medium{font-size:19px}.elementor-widget-heading .elementor-heading-title.elementor-size-large{font-size:29px}.elementor-widget-heading .elementor-heading-title.elementor-size-xl{font-size:39px}.elementor-widget-heading .elementor-heading-title.elementor-size-xxl{font-size:59px}<\/style><h2 class=\"elementor-heading-title elementor-size-default\">relejska za\u0161\u010dita<\/h2>\t\t<\/div>\n\t\t\t\t<\/div>\n\t\t\t\t\t<\/div>\n\t\t<\/div>\n\t\t\t\t<div class=\"elementor-column elementor-col-50 elementor-top-column elementor-element elementor-element-f637396\" data-id=\"f637396\" data-element_type=\"column\">\n\t\t\t<div class=\"elementor-widget-wrap elementor-element-populated\">\n\t\t\t\t\t\t\t\t<div class=\"elementor-element elementor-element-66067d6 elementor-icon-list--layout-inline elementor-align-right elementor-list-item-link-full_width elementor-widget elementor-widget-icon-list\" data-id=\"66067d6\" data-element_type=\"widget\" data-widget_type=\"icon-list.default\">\n\t\t\t\t<div class=\"elementor-widget-container\">\n\t\t\t<link rel=\"stylesheet\" href=\"https:\/\/ganting.si\/wp-content\/plugins\/elementor\/assets\/css\/widget-icon-list.min.css\">\t\t<ul class=\"elementor-icon-list-items elementor-inline-items\">\n\t\t\t\t\t\t\t<li class=\"elementor-icon-list-item elementor-inline-item\">\n\t\t\t\t\t\t\t\t\t\t\t<a href=\"https:\/\/ganting.si\/?page_id=55\">\n\n\t\t\t\t\t\t\t\t\t\t\t\t<span class=\"elementor-icon-list-icon\">\n\t\t\t\t\t\t\t<i aria-hidden=\"true\" class=\"fas fa-chevron-right\"><\/i>\t\t\t\t\t\t<\/span>\n\t\t\t\t\t\t\t\t\t\t<span class=\"elementor-icon-list-text\">Relejska za\u0161\u010dita<\/span>\n\t\t\t\t\t\t\t\t\t\t\t<\/a>\n\t\t\t\t\t\t\t\t\t<\/li>\n\t\t\t\t\t\t\t\t<li class=\"elementor-icon-list-item elementor-inline-item\">\n\t\t\t\t\t\t\t\t\t\t\t<a href=\"https:\/\/ganting.si\/?page_id=1100\">\n\n\t\t\t\t\t\t\t\t\t\t\t\t<span class=\"elementor-icon-list-icon\">\n\t\t\t\t\t\t\t<i aria-hidden=\"true\" class=\"fas fa-chevron-down\"><\/i>\t\t\t\t\t\t<\/span>\n\t\t\t\t\t\t\t\t\t\t<span class=\"elementor-icon-list-text\">Testna oprema<\/span>\n\t\t\t\t\t\t\t\t\t\t\t<\/a>\n\t\t\t\t\t\t\t\t\t<\/li>\n\t\t\t\t\t\t\t\t<li class=\"elementor-icon-list-item elementor-inline-item\">\n\t\t\t\t\t\t\t\t\t\t\t<a href=\"https:\/\/ganting.si\/?page_id=57\">\n\n\t\t\t\t\t\t\t\t\t\t\t\t<span class=\"elementor-icon-list-icon\">\n\t\t\t\t\t\t\t<i aria-hidden=\"true\" class=\"fas fa-chevron-right\"><\/i>\t\t\t\t\t\t<\/span>\n\t\t\t\t\t\t\t\t\t\t<span class=\"elementor-icon-list-text\">Ganting<\/span>\n\t\t\t\t\t\t\t\t\t\t\t<\/a>\n\t\t\t\t\t\t\t\t\t<\/li>\n\t\t\t\t\t\t<\/ul>\n\t\t\t\t<\/div>\n\t\t\t\t<\/div>\n\t\t\t\t\t<\/div>\n\t\t<\/div>\n\t\t\t\t\t\t\t<\/div>\n\t\t<\/section>\n\t\t\t\t<section class=\"elementor-section elementor-top-section elementor-element elementor-element-b8e0f20 elementor-section-boxed elementor-section-height-default elementor-section-height-default\" data-id=\"b8e0f20\" data-element_type=\"section\">\n\t\t\t\t\t\t<div class=\"elementor-container elementor-column-gap-default\">\n\t\t\t\t\t<div class=\"elementor-column elementor-col-100 elementor-top-column elementor-element elementor-element-6a99d26\" data-id=\"6a99d26\" data-element_type=\"column\">\n\t\t\t<div class=\"elementor-widget-wrap elementor-element-populated\">\n\t\t\t\t\t\t\t\t<div class=\"elementor-element elementor-element-820c8ca elementor-widget elementor-widget-heading\" data-id=\"820c8ca\" data-element_type=\"widget\" data-widget_type=\"heading.default\">\n\t\t\t\t<div class=\"elementor-widget-container\">\n\t\t\t<h2 class=\"elementor-heading-title elementor-size-default\">TESTNA OPREMA ZA RELEJSKO ZA\u0160\u010cITO<\/h2>\t\t<\/div>\n\t\t\t\t<\/div>\n\t\t\t\t\t<\/div>\n\t\t<\/div>\n\t\t\t\t\t\t\t<\/div>\n\t\t<\/section>\n\t\t\t\t<section class=\"elementor-section elementor-top-section elementor-element elementor-element-1831a0e elementor-section-boxed elementor-section-height-default elementor-section-height-default\" data-id=\"1831a0e\" data-element_type=\"section\" data-settings=\"{&quot;background_background&quot;:&quot;classic&quot;}\">\n\t\t\t\t\t\t<div class=\"elementor-container elementor-column-gap-default\">\n\t\t\t\t\t<div class=\"elementor-column elementor-col-100 elementor-top-column elementor-element elementor-element-50f7483\" data-id=\"50f7483\" data-element_type=\"column\" data-settings=\"{&quot;background_background&quot;:&quot;classic&quot;}\">\n\t\t\t<div class=\"elementor-widget-wrap elementor-element-populated\">\n\t\t\t\t\t\t\t\t<div class=\"elementor-element elementor-element-10fc96b elementor-widget elementor-widget-heading\" data-id=\"10fc96b\" data-element_type=\"widget\" data-widget_type=\"heading.default\">\n\t\t\t\t<div class=\"elementor-widget-container\">\n\t\t\t<h1 class=\"elementor-heading-title elementor-size-default\">Simulator odklopnika - CBS<\/h1>\t\t<\/div>\n\t\t\t\t<\/div>\n\t\t\t\t<div class=\"elementor-element elementor-element-960c7fa elementor-widget elementor-widget-text-editor\" data-id=\"960c7fa\" data-element_type=\"widget\" data-widget_type=\"text-editor.default\">\n\t\t\t\t<div class=\"elementor-widget-container\">\n\t\t\t<style>\/*! elementor - v3.12.1 - 02-04-2023 *\/\n.elementor-widget-text-editor.elementor-drop-cap-view-stacked .elementor-drop-cap{background-color:#69727d;color:#fff}.elementor-widget-text-editor.elementor-drop-cap-view-framed .elementor-drop-cap{color:#69727d;border:3px solid;background-color:transparent}.elementor-widget-text-editor:not(.elementor-drop-cap-view-default) .elementor-drop-cap{margin-top:8px}.elementor-widget-text-editor:not(.elementor-drop-cap-view-default) .elementor-drop-cap-letter{width:1em;height:1em}.elementor-widget-text-editor .elementor-drop-cap{float:left;text-align:center;line-height:1;font-size:50px}.elementor-widget-text-editor .elementor-drop-cap-letter{display:inline-block}<\/style>\t\t\t\t<p>Uporaba:<\/p><ul><li>\u0160tudij delovanja za\u0161\u010ditnih shem in analiza sumljivih izklopov;<\/li><li>Analiza delovanja celotnega za\u0161\u010ditnega sklopa po novem nastavljanju mej delovanja za\u0161\u010dite;<\/li><li>Prou\u010devanje problemov v realnem \u010dasu;<\/li><li>Uporaba pri analizi relejske za\u0161\u010dite na terenu ali v laboratoriju;<\/li><li>Nazorno u\u010denje v \u0161olskem procesu;<\/li><\/ul>\t\t\t\t\t\t<\/div>\n\t\t\t\t<\/div>\n\t\t\t\t<div class=\"elementor-element elementor-element-f3976ee elementor-widget elementor-widget-button\" data-id=\"f3976ee\" data-element_type=\"widget\" data-widget_type=\"button.default\">\n\t\t\t\t<div class=\"elementor-widget-container\">\n\t\t\t\t\t<div class=\"elementor-button-wrapper\">\n\t\t\t<a href=\"https:\/\/ganting.si\/wp-content\/uploads\/2022\/09\/CBS_description.pdf\" target=\"_blank\" class=\"elementor-button-link elementor-button elementor-size-lg elementor-animation-grow\" role=\"button\" id=\"cbs_slo\">\n\t\t\t\t\t\t<span class=\"elementor-button-content-wrapper\">\n\t\t\t\t\t\t\t<span class=\"elementor-button-icon elementor-align-icon-right\">\n\t\t\t\t<i aria-hidden=\"true\" class=\"fas fa-angle-right\"><\/i>\t\t\t<\/span>\n\t\t\t\t\t\t<span class=\"elementor-button-text\">Circuit Breaker Simulator CBS-12 (pdf)<\/span>\n\t\t<\/span>\n\t\t\t\t\t<\/a>\n\t\t<\/div>\n\t\t\t\t<\/div>\n\t\t\t\t<\/div>\n\t\t\t\t<div class=\"elementor-element elementor-element-6748260 elementor-widget elementor-widget-image-gallery\" data-id=\"6748260\" data-element_type=\"widget\" data-widget_type=\"image-gallery.default\">\n\t\t\t\t<div class=\"elementor-widget-container\">\n\t\t\t<style>\/*! elementor - v3.12.1 - 02-04-2023 *\/\n.elementor-image-gallery .gallery-item{display:inline-block;text-align:center;vertical-align:top;width:100%;max-width:100%;margin:0 auto}.elementor-image-gallery .gallery-item img{margin:0 auto}.elementor-image-gallery .gallery-item .gallery-caption{margin:0}.elementor-image-gallery figure img{display:block}.elementor-image-gallery figure figcaption{width:100%}.gallery-spacing-custom .elementor-image-gallery .gallery-icon{padding:0}@media (min-width:768px){.elementor-image-gallery .gallery-columns-2 .gallery-item{max-width:50%}.elementor-image-gallery .gallery-columns-3 .gallery-item{max-width:33.33%}.elementor-image-gallery .gallery-columns-4 .gallery-item{max-width:25%}.elementor-image-gallery .gallery-columns-5 .gallery-item{max-width:20%}.elementor-image-gallery .gallery-columns-6 .gallery-item{max-width:16.666%}.elementor-image-gallery .gallery-columns-7 .gallery-item{max-width:14.28%}.elementor-image-gallery .gallery-columns-8 .gallery-item{max-width:12.5%}.elementor-image-gallery .gallery-columns-9 .gallery-item{max-width:11.11%}.elementor-image-gallery .gallery-columns-10 .gallery-item{max-width:10%}}@media (min-width:480px) and (max-width:767px){.elementor-image-gallery .gallery.gallery-columns-2 .gallery-item,.elementor-image-gallery .gallery.gallery-columns-3 .gallery-item,.elementor-image-gallery .gallery.gallery-columns-4 .gallery-item,.elementor-image-gallery .gallery.gallery-columns-5 .gallery-item,.elementor-image-gallery .gallery.gallery-columns-6 .gallery-item,.elementor-image-gallery .gallery.gallery-columns-7 .gallery-item,.elementor-image-gallery .gallery.gallery-columns-8 .gallery-item,.elementor-image-gallery .gallery.gallery-columns-9 .gallery-item,.elementor-image-gallery .gallery.gallery-columns-10 .gallery-item{max-width:50%}}@media (max-width:479px){.elementor-image-gallery .gallery.gallery-columns-2 .gallery-item,.elementor-image-gallery .gallery.gallery-columns-3 .gallery-item,.elementor-image-gallery .gallery.gallery-columns-4 .gallery-item,.elementor-image-gallery .gallery.gallery-columns-5 .gallery-item,.elementor-image-gallery .gallery.gallery-columns-6 .gallery-item,.elementor-image-gallery .gallery.gallery-columns-7 .gallery-item,.elementor-image-gallery .gallery.gallery-columns-8 .gallery-item,.elementor-image-gallery .gallery.gallery-columns-9 .gallery-item,.elementor-image-gallery .gallery.gallery-columns-10 .gallery-item{max-width:100%}}<\/style>\t\t<div class=\"elementor-image-gallery\">\n\t\t\t<div id='gallery-1' class='gallery galleryid-1100 gallery-columns-6 gallery-size-thumbnail'><figure class='gallery-item'>\n\t\t\t<div class='gallery-icon portrait'>\n\t\t\t\t<a data-elementor-open-lightbox=\"yes\" data-elementor-lightbox-slideshow=\"6748260\" data-elementor-lightbox-title=\"simulator_odklopnika_1\" data-e-action-hash=\"#elementor-action%3Aaction%3Dlightbox%26settings%3DeyJpZCI6NDksInVybCI6Imh0dHBzOlwvXC9nYW50aW5nLnNpXC93cC1jb250ZW50XC91cGxvYWRzXC8yMDIyXC8wOVwvc2ltdWxhdG9yX29ka2xvcG5pa2FfMS5qcGciLCJzbGlkZXNob3ciOiI2NzQ4MjYwIn0%3D\" href='https:\/\/ganting.si\/wp-content\/uploads\/2022\/09\/simulator_odklopnika_1.jpg'><img width=\"150\" height=\"150\" src=\"https:\/\/ganting.si\/wp-content\/uploads\/2022\/09\/simulator_odklopnika_1-150x150.jpg\" class=\"attachment-thumbnail size-thumbnail\" alt=\"\" loading=\"lazy\" aria-describedby=\"gallery-1-49\" \/><\/a>\n\t\t\t<\/div>\n\t\t\t\t<figcaption class='wp-caption-text gallery-caption' id='gallery-1-49'>\n\t\t\t\tCBS-12 za uporabo na terenu\n\t\t\t\t<\/figcaption><\/figure><figure class='gallery-item'>\n\t\t\t<div class='gallery-icon portrait'>\n\t\t\t\t<a data-elementor-open-lightbox=\"yes\" data-elementor-lightbox-slideshow=\"6748260\" data-elementor-lightbox-title=\"simulator_odklopnika_2\" data-e-action-hash=\"#elementor-action%3Aaction%3Dlightbox%26settings%3DeyJpZCI6NDcsInVybCI6Imh0dHBzOlwvXC9nYW50aW5nLnNpXC93cC1jb250ZW50XC91cGxvYWRzXC8yMDIyXC8wOVwvc2ltdWxhdG9yX29ka2xvcG5pa2FfMi5qcGciLCJzbGlkZXNob3ciOiI2NzQ4MjYwIn0%3D\" href='https:\/\/ganting.si\/wp-content\/uploads\/2022\/09\/simulator_odklopnika_2.jpg'><img width=\"150\" height=\"150\" src=\"https:\/\/ganting.si\/wp-content\/uploads\/2022\/09\/simulator_odklopnika_2-150x150.jpg\" class=\"attachment-thumbnail size-thumbnail\" alt=\"\" loading=\"lazy\" aria-describedby=\"gallery-1-47\" \/><\/a>\n\t\t\t<\/div>\n\t\t\t\t<figcaption class='wp-caption-text gallery-caption' id='gallery-1-47'>\n\t\t\t\tCBS-12 za laboratorijsko uporabo\n\t\t\t\t<\/figcaption><\/figure><figure class='gallery-item'>\n\t\t\t<div class='gallery-icon portrait'>\n\t\t\t\t<a data-elementor-open-lightbox=\"yes\" data-elementor-lightbox-slideshow=\"6748260\" data-elementor-lightbox-title=\"cbs_10_1\" data-e-action-hash=\"#elementor-action%3Aaction%3Dlightbox%26settings%3DeyJpZCI6NDgsInVybCI6Imh0dHBzOlwvXC9nYW50aW5nLnNpXC93cC1jb250ZW50XC91cGxvYWRzXC8yMDIyXC8wOVwvY2JzXzEwXzEuanBnIiwic2xpZGVzaG93IjoiNjc0ODI2MCJ9\" href='https:\/\/ganting.si\/wp-content\/uploads\/2022\/09\/cbs_10_1.jpg'><img width=\"150\" height=\"150\" src=\"https:\/\/ganting.si\/wp-content\/uploads\/2022\/09\/cbs_10_1-150x150.jpg\" class=\"attachment-thumbnail size-thumbnail\" alt=\"\" loading=\"lazy\" aria-describedby=\"gallery-1-48\" \/><\/a>\n\t\t\t<\/div>\n\t\t\t\t<figcaption class='wp-caption-text gallery-caption' id='gallery-1-48'>\n\t\t\t\tCBS-10 za uporabo na terenu\n\t\t\t\t<\/figcaption><\/figure>\n\t\t<\/div>\n\t\t<\/div>\n\t\t\t\t<\/div>\n\t\t\t\t<\/div>\n\t\t\t\t\t<\/div>\n\t\t<\/div>\n\t\t\t\t\t\t\t<\/div>\n\t\t<\/section>\n\t\t\t\t<section class=\"elementor-section elementor-top-section elementor-element elementor-element-024755e elementor-section-boxed elementor-section-height-default elementor-section-height-default\" data-id=\"024755e\" data-element_type=\"section\" data-settings=\"{&quot;background_background&quot;:&quot;classic&quot;}\">\n\t\t\t\t\t\t<div class=\"elementor-container elementor-column-gap-default\">\n\t\t\t\t\t<div class=\"elementor-column elementor-col-100 elementor-top-column elementor-element elementor-element-9f8bf0f\" data-id=\"9f8bf0f\" data-element_type=\"column\" data-settings=\"{&quot;background_background&quot;:&quot;classic&quot;}\">\n\t\t\t<div class=\"elementor-widget-wrap elementor-element-populated\">\n\t\t\t\t\t\t\t\t<div class=\"elementor-element elementor-element-945e9f9 elementor-widget elementor-widget-heading\" data-id=\"945e9f9\" data-element_type=\"widget\" data-widget_type=\"heading.default\">\n\t\t\t\t<div class=\"elementor-widget-container\">\n\t\t\t<h1 class=\"elementor-heading-title elementor-size-default\">Analizator frekven\u010dnih relejev - AFREL<\/h1>\t\t<\/div>\n\t\t\t\t<\/div>\n\t\t\t\t<div class=\"elementor-element elementor-element-d34bb82 elementor-widget elementor-widget-image-gallery\" data-id=\"d34bb82\" data-element_type=\"widget\" data-widget_type=\"image-gallery.default\">\n\t\t\t\t<div class=\"elementor-widget-container\">\n\t\t\t\t\t<div class=\"elementor-image-gallery\">\n\t\t\t<div id='gallery-2' class='gallery galleryid-1100 gallery-columns-6 gallery-size-thumbnail'><figure class='gallery-item'>\n\t\t\t<div class='gallery-icon landscape'>\n\t\t\t\t<a data-elementor-open-lightbox=\"yes\" data-elementor-lightbox-slideshow=\"d34bb82\" data-elementor-lightbox-title=\"AFRELfunkcije\" data-e-action-hash=\"#elementor-action%3Aaction%3Dlightbox%26settings%3DeyJpZCI6NzM0LCJ1cmwiOiJodHRwczpcL1wvZ2FudGluZy5zaVwvd3AtY29udGVudFwvdXBsb2Fkc1wvMjAyMlwvMDlcL0FGUkVMZnVua2NpamUuZ2lmIiwic2xpZGVzaG93IjoiZDM0YmI4MiJ9\" href='https:\/\/ganting.si\/wp-content\/uploads\/2022\/09\/AFRELfunkcije.gif'><img width=\"150\" height=\"150\" src=\"https:\/\/ganting.si\/wp-content\/uploads\/2022\/09\/AFRELfunkcije-150x150.gif\" class=\"attachment-thumbnail size-thumbnail\" alt=\"\" loading=\"lazy\" aria-describedby=\"gallery-2-734\" \/><\/a>\n\t\t\t<\/div>\n\t\t\t\t<figcaption class='wp-caption-text gallery-caption' id='gallery-2-734'>\n\t\t\t\tAFREL funkcije\n\t\t\t\t<\/figcaption><\/figure>\n\t\t<\/div>\n\t\t<\/div>\n\t\t\t\t<\/div>\n\t\t\t\t<\/div>\n\t\t\t\t\t<\/div>\n\t\t<\/div>\n\t\t\t\t\t\t\t<\/div>\n\t\t<\/section>\n\t\t\t\t<section class=\"elementor-section elementor-top-section elementor-element elementor-element-9a02b76 elementor-section-boxed elementor-section-height-default elementor-section-height-default\" data-id=\"9a02b76\" data-element_type=\"section\" data-settings=\"{&quot;background_background&quot;:&quot;classic&quot;}\">\n\t\t\t\t\t\t<div class=\"elementor-container elementor-column-gap-default\">\n\t\t\t\t\t<div class=\"elementor-column elementor-col-100 elementor-top-column elementor-element elementor-element-821cd72\" data-id=\"821cd72\" data-element_type=\"column\" data-settings=\"{&quot;background_background&quot;:&quot;classic&quot;}\">\n\t\t\t<div class=\"elementor-widget-wrap elementor-element-populated\">\n\t\t\t\t\t\t\t\t<div class=\"elementor-element elementor-element-75bb9ee elementor-widget elementor-widget-heading\" data-id=\"75bb9ee\" data-element_type=\"widget\" data-widget_type=\"heading.default\">\n\t\t\t\t<div class=\"elementor-widget-container\">\n\t\t\t<h1 class=\"elementor-heading-title elementor-size-default\">Kronometri\u010dni izvor pomo\u017ene napetosti - KENTAUX<\/h1>\t\t<\/div>\n\t\t\t\t<\/div>\n\t\t\t\t<div class=\"elementor-element elementor-element-2cc5fc7 elementor-widget elementor-widget-image-gallery\" data-id=\"2cc5fc7\" data-element_type=\"widget\" data-widget_type=\"image-gallery.default\">\n\t\t\t\t<div class=\"elementor-widget-container\">\n\t\t\t\t\t<div class=\"elementor-image-gallery\">\n\t\t\t<div id='gallery-3' class='gallery galleryid-1100 gallery-columns-6 gallery-size-thumbnail'><figure class='gallery-item'>\n\t\t\t<div class='gallery-icon landscape'>\n\t\t\t\t<a data-elementor-open-lightbox=\"yes\" data-elementor-lightbox-slideshow=\"2cc5fc7\" data-elementor-lightbox-title=\"KENTAUXfunkcije\" data-e-action-hash=\"#elementor-action%3Aaction%3Dlightbox%26settings%3DeyJpZCI6NzMzLCJ1cmwiOiJodHRwczpcL1wvZ2FudGluZy5zaVwvd3AtY29udGVudFwvdXBsb2Fkc1wvMjAyMlwvMDlcL0tFTlRBVVhmdW5rY2lqZS5naWYiLCJzbGlkZXNob3ciOiIyY2M1ZmM3In0%3D\" href='https:\/\/ganting.si\/wp-content\/uploads\/2022\/09\/KENTAUXfunkcije.gif'><img width=\"150\" height=\"150\" src=\"https:\/\/ganting.si\/wp-content\/uploads\/2022\/09\/KENTAUXfunkcije-150x150.gif\" class=\"attachment-thumbnail size-thumbnail\" alt=\"\" loading=\"lazy\" aria-describedby=\"gallery-3-733\" \/><\/a>\n\t\t\t<\/div>\n\t\t\t\t<figcaption class='wp-caption-text gallery-caption' id='gallery-3-733'>\n\t\t\t\tKENTAUX funkcije\n\t\t\t\t<\/figcaption><\/figure>\n\t\t<\/div>\n\t\t<\/div>\n\t\t\t\t<\/div>\n\t\t\t\t<\/div>\n\t\t\t\t\t<\/div>\n\t\t<\/div>\n\t\t\t\t\t\t\t<\/div>\n\t\t<\/section>\n\t\t\t\t\t\t\t<\/div>\n\t\t","protected":false},"excerpt":{"rendered":"<p>relejska za\u0161\u010dita Relejska za\u0161\u010dita Testna oprema Ganting TESTNA OPREMA ZA RELEJSKO ZA\u0160\u010cITO Simulator odklopnika &#8211; CBS Uporaba: \u0160tudij delovanja za\u0161\u010ditnih shem in [&hellip;]<\/p>\n","protected":false},"author":1,"featured_media":0,"parent":0,"menu_order":0,"comment_status":"closed","ping_status":"closed","template":"elementor_header_footer","meta":[],"yoast_head":"<!-- This site is optimized with the Yoast SEO plugin v20.4 - https:\/\/yoast.com\/wordpress\/plugins\/seo\/ -->\n<title>slo_test_equipment - Ganting<\/title>\n<meta name=\"robots\" content=\"index, follow, max-snippet:-1, max-image-preview:large, max-video-preview:-1\" \/>\n<link rel=\"canonical\" href=\"https:\/\/ganting.si\/?page_id=1100\" \/>\n<meta property=\"og:locale\" content=\"sl_SI\" \/>\n<meta property=\"og:type\" content=\"article\" \/>\n<meta property=\"og:title\" content=\"slo_test_equipment - Ganting\" \/>\n<meta property=\"og:description\" content=\"relejska za\u0161\u010dita Relejska za\u0161\u010dita Testna oprema Ganting TESTNA OPREMA ZA RELEJSKO ZA\u0160\u010cITO Simulator odklopnika &#8211; CBS Uporaba: \u0160tudij delovanja za\u0161\u010ditnih shem in [&hellip;]\" \/>\n<meta property=\"og:url\" content=\"https:\/\/ganting.si\/?page_id=1100\" \/>\n<meta property=\"og:site_name\" content=\"Ganting\" \/>\n<meta property=\"article:modified_time\" content=\"2022-10-07T15:16:28+00:00\" \/>\n<meta property=\"og:image\" content=\"https:\/\/ganting.si\/wp-content\/uploads\/2022\/09\/simulator_odklopnika_1-150x150.jpg\" \/>\n<meta name=\"twitter:card\" content=\"summary_large_image\" \/>\n<meta name=\"twitter:label1\" content=\"Est. reading time\" \/>\n\t<meta name=\"twitter:data1\" content=\"2 minuti\" \/>\n<script type=\"application\/ld+json\" class=\"yoast-schema-graph\">{\"@context\":\"https:\/\/schema.org\",\"@graph\":[{\"@type\":\"WebPage\",\"@id\":\"https:\/\/ganting.si\/?page_id=1100\",\"url\":\"https:\/\/ganting.si\/?page_id=1100\",\"name\":\"slo_test_equipment - Ganting\",\"isPartOf\":{\"@id\":\"https:\/\/ganting.si\/#website\"},\"datePublished\":\"2022-09-20T16:06:58+00:00\",\"dateModified\":\"2022-10-07T15:16:28+00:00\",\"breadcrumb\":{\"@id\":\"https:\/\/ganting.si\/?page_id=1100#breadcrumb\"},\"inLanguage\":\"sl-SI\",\"potentialAction\":[{\"@type\":\"ReadAction\",\"target\":[\"https:\/\/ganting.si\/?page_id=1100\"]}]},{\"@type\":\"BreadcrumbList\",\"@id\":\"https:\/\/ganting.si\/?page_id=1100#breadcrumb\",\"itemListElement\":[{\"@type\":\"ListItem\",\"position\":1,\"name\":\"Home\",\"item\":\"https:\/\/ganting.si\/\"},{\"@type\":\"ListItem\",\"position\":2,\"name\":\"slo_test_equipment\"}]},{\"@type\":\"WebSite\",\"@id\":\"https:\/\/ganting.si\/#website\",\"url\":\"https:\/\/ganting.si\/\",\"name\":\"Ganting\",\"description\":\"Relay protection\",\"publisher\":{\"@id\":\"https:\/\/ganting.si\/#organization\"},\"potentialAction\":[{\"@type\":\"SearchAction\",\"target\":{\"@type\":\"EntryPoint\",\"urlTemplate\":\"https:\/\/ganting.si\/?s={search_term_string}\"},\"query-input\":\"required name=search_term_string\"}],\"inLanguage\":\"sl-SI\"},{\"@type\":\"Organization\",\"@id\":\"https:\/\/ganting.si\/#organization\",\"name\":\"Relay protection Ganting\",\"url\":\"https:\/\/ganting.si\/\",\"logo\":{\"@type\":\"ImageObject\",\"inLanguage\":\"sl-SI\",\"@id\":\"https:\/\/ganting.si\/#\/schema\/logo\/image\/\",\"url\":\"https:\/\/ganting.si\/wp-content\/uploads\/2022\/09\/ganting_logo_black.png\",\"contentUrl\":\"https:\/\/ganting.si\/wp-content\/uploads\/2022\/09\/ganting_logo_black.png\",\"width\":201,\"height\":27,\"caption\":\"Relay protection Ganting\"},\"image\":{\"@id\":\"https:\/\/ganting.si\/#\/schema\/logo\/image\/\"}}]}<\/script>\n<!-- \/ Yoast SEO plugin. -->","yoast_head_json":{"title":"slo_test_equipment - Ganting","robots":{"index":"index","follow":"follow","max-snippet":"max-snippet:-1","max-image-preview":"max-image-preview:large","max-video-preview":"max-video-preview:-1"},"canonical":"https:\/\/ganting.si\/?page_id=1100","og_locale":"sl_SI","og_type":"article","og_title":"slo_test_equipment - Ganting","og_description":"relejska za\u0161\u010dita Relejska za\u0161\u010dita Testna oprema Ganting TESTNA OPREMA ZA RELEJSKO ZA\u0160\u010cITO Simulator odklopnika &#8211; CBS Uporaba: \u0160tudij delovanja za\u0161\u010ditnih shem in [&hellip;]","og_url":"https:\/\/ganting.si\/?page_id=1100","og_site_name":"Ganting","article_modified_time":"2022-10-07T15:16:28+00:00","og_image":[{"url":"https:\/\/ganting.si\/wp-content\/uploads\/2022\/09\/simulator_odklopnika_1-150x150.jpg"}],"twitter_card":"summary_large_image","twitter_misc":{"Est. reading time":"2 minuti"},"schema":{"@context":"https:\/\/schema.org","@graph":[{"@type":"WebPage","@id":"https:\/\/ganting.si\/?page_id=1100","url":"https:\/\/ganting.si\/?page_id=1100","name":"slo_test_equipment - Ganting","isPartOf":{"@id":"https:\/\/ganting.si\/#website"},"datePublished":"2022-09-20T16:06:58+00:00","dateModified":"2022-10-07T15:16:28+00:00","breadcrumb":{"@id":"https:\/\/ganting.si\/?page_id=1100#breadcrumb"},"inLanguage":"sl-SI","potentialAction":[{"@type":"ReadAction","target":["https:\/\/ganting.si\/?page_id=1100"]}]},{"@type":"BreadcrumbList","@id":"https:\/\/ganting.si\/?page_id=1100#breadcrumb","itemListElement":[{"@type":"ListItem","position":1,"name":"Home","item":"https:\/\/ganting.si\/"},{"@type":"ListItem","position":2,"name":"slo_test_equipment"}]},{"@type":"WebSite","@id":"https:\/\/ganting.si\/#website","url":"https:\/\/ganting.si\/","name":"Ganting","description":"Relay protection","publisher":{"@id":"https:\/\/ganting.si\/#organization"},"potentialAction":[{"@type":"SearchAction","target":{"@type":"EntryPoint","urlTemplate":"https:\/\/ganting.si\/?s={search_term_string}"},"query-input":"required name=search_term_string"}],"inLanguage":"sl-SI"},{"@type":"Organization","@id":"https:\/\/ganting.si\/#organization","name":"Relay protection Ganting","url":"https:\/\/ganting.si\/","logo":{"@type":"ImageObject","inLanguage":"sl-SI","@id":"https:\/\/ganting.si\/#\/schema\/logo\/image\/","url":"https:\/\/ganting.si\/wp-content\/uploads\/2022\/09\/ganting_logo_black.png","contentUrl":"https:\/\/ganting.si\/wp-content\/uploads\/2022\/09\/ganting_logo_black.png","width":201,"height":27,"caption":"Relay protection Ganting"},"image":{"@id":"https:\/\/ganting.si\/#\/schema\/logo\/image\/"}}]}},"_links":{"self":[{"href":"https:\/\/ganting.si\/index.php?rest_route=\/wp\/v2\/pages\/1100"}],"collection":[{"href":"https:\/\/ganting.si\/index.php?rest_route=\/wp\/v2\/pages"}],"about":[{"href":"https:\/\/ganting.si\/index.php?rest_route=\/wp\/v2\/types\/page"}],"author":[{"embeddable":true,"href":"https:\/\/ganting.si\/index.php?rest_route=\/wp\/v2\/users\/1"}],"replies":[{"embeddable":true,"href":"https:\/\/ganting.si\/index.php?rest_route=%2Fwp%2Fv2%2Fcomments&post=1100"}],"version-history":[{"count":56,"href":"https:\/\/ganting.si\/index.php?rest_route=\/wp\/v2\/pages\/1100\/revisions"}],"predecessor-version":[{"id":2102,"href":"https:\/\/ganting.si\/index.php?rest_route=\/wp\/v2\/pages\/1100\/revisions\/2102"}],"wp:attachment":[{"href":"https:\/\/ganting.si\/index.php?rest_route=%2Fwp%2Fv2%2Fmedia&parent=1100"}],"curies":[{"name":"wp","href":"https:\/\/api.w.org\/{rel}","templated":true}]}}