{"id":1035,"date":"2022-09-20T17:50:12","date_gmt":"2022-09-20T15:50:12","guid":{"rendered":"https:\/\/ganting.si\/?page_id=1035"},"modified":"2022-10-07T17:29:13","modified_gmt":"2022-10-07T15:29:13","slug":"slo_annunciation_relays","status":"publish","type":"page","link":"https:\/\/ganting.si\/?page_id=1035","title":{"rendered":"slo_annunciation_relays"},"content":{"rendered":"\t\t<div data-elementor-type=\"wp-page\" data-elementor-id=\"1035\" class=\"elementor elementor-1035\">\n\t\t\t\t\t\t\t\t\t<section class=\"elementor-section elementor-top-section elementor-element elementor-element-0395f4b elementor-section-boxed elementor-section-height-default elementor-section-height-default\" data-id=\"0395f4b\" data-element_type=\"section\" data-settings=\"{&quot;background_background&quot;:&quot;classic&quot;}\">\n\t\t\t\t\t\t<div class=\"elementor-container elementor-column-gap-default\">\n\t\t\t\t\t<div class=\"elementor-column elementor-col-50 elementor-top-column elementor-element elementor-element-07a8b05\" data-id=\"07a8b05\" data-element_type=\"column\">\n\t\t\t<div class=\"elementor-widget-wrap elementor-element-populated\">\n\t\t\t\t\t\t\t\t<div class=\"elementor-element elementor-element-e81b55d elementor-widget elementor-widget-heading\" data-id=\"e81b55d\" data-element_type=\"widget\" data-widget_type=\"heading.default\">\n\t\t\t\t<div class=\"elementor-widget-container\">\n\t\t\t<style>\/*! elementor - v3.12.1 - 02-04-2023 *\/\n.elementor-heading-title{padding:0;margin:0;line-height:1}.elementor-widget-heading .elementor-heading-title[class*=elementor-size-]>a{color:inherit;font-size:inherit;line-height:inherit}.elementor-widget-heading .elementor-heading-title.elementor-size-small{font-size:15px}.elementor-widget-heading .elementor-heading-title.elementor-size-medium{font-size:19px}.elementor-widget-heading .elementor-heading-title.elementor-size-large{font-size:29px}.elementor-widget-heading .elementor-heading-title.elementor-size-xl{font-size:39px}.elementor-widget-heading .elementor-heading-title.elementor-size-xxl{font-size:59px}<\/style><h2 class=\"elementor-heading-title elementor-size-default\">relejska za\u0161\u010dita<\/h2>\t\t<\/div>\n\t\t\t\t<\/div>\n\t\t\t\t\t<\/div>\n\t\t<\/div>\n\t\t\t\t<div class=\"elementor-column elementor-col-50 elementor-top-column elementor-element elementor-element-0b71d3c\" data-id=\"0b71d3c\" data-element_type=\"column\">\n\t\t\t<div class=\"elementor-widget-wrap elementor-element-populated\">\n\t\t\t\t\t\t\t\t<div class=\"elementor-element elementor-element-822bf6c elementor-icon-list--layout-inline elementor-align-right elementor-list-item-link-full_width elementor-widget elementor-widget-icon-list\" data-id=\"822bf6c\" data-element_type=\"widget\" data-widget_type=\"icon-list.default\">\n\t\t\t\t<div class=\"elementor-widget-container\">\n\t\t\t<link rel=\"stylesheet\" href=\"https:\/\/ganting.si\/wp-content\/plugins\/elementor\/assets\/css\/widget-icon-list.min.css\">\t\t<ul class=\"elementor-icon-list-items elementor-inline-items\">\n\t\t\t\t\t\t\t<li class=\"elementor-icon-list-item elementor-inline-item\">\n\t\t\t\t\t\t\t\t\t\t\t<a href=\"https:\/\/ganting.si\/?page_id=55\">\n\n\t\t\t\t\t\t\t\t\t\t\t\t<span class=\"elementor-icon-list-icon\">\n\t\t\t\t\t\t\t<i aria-hidden=\"true\" class=\"fas fa-chevron-right\"><\/i>\t\t\t\t\t\t<\/span>\n\t\t\t\t\t\t\t\t\t\t<span class=\"elementor-icon-list-text\">Relejska za\u0161\u010dita<\/span>\n\t\t\t\t\t\t\t\t\t\t\t<\/a>\n\t\t\t\t\t\t\t\t\t<\/li>\n\t\t\t\t\t\t\t\t<li class=\"elementor-icon-list-item elementor-inline-item\">\n\t\t\t\t\t\t\t\t\t\t\t<a href=\"https:\/\/ganting.si\/?page_id=1100\">\n\n\t\t\t\t\t\t\t\t\t\t\t\t<span class=\"elementor-icon-list-icon\">\n\t\t\t\t\t\t\t<i aria-hidden=\"true\" class=\"fas fa-chevron-right\"><\/i>\t\t\t\t\t\t<\/span>\n\t\t\t\t\t\t\t\t\t\t<span class=\"elementor-icon-list-text\">Testna oprema<\/span>\n\t\t\t\t\t\t\t\t\t\t\t<\/a>\n\t\t\t\t\t\t\t\t\t<\/li>\n\t\t\t\t\t\t\t\t<li class=\"elementor-icon-list-item elementor-inline-item\">\n\t\t\t\t\t\t\t\t\t\t\t<a href=\"https:\/\/ganting.si\/?page_id=57\">\n\n\t\t\t\t\t\t\t\t\t\t\t\t<span class=\"elementor-icon-list-icon\">\n\t\t\t\t\t\t\t<i aria-hidden=\"true\" class=\"fas fa-chevron-right\"><\/i>\t\t\t\t\t\t<\/span>\n\t\t\t\t\t\t\t\t\t\t<span class=\"elementor-icon-list-text\">Ganting<\/span>\n\t\t\t\t\t\t\t\t\t\t\t<\/a>\n\t\t\t\t\t\t\t\t\t<\/li>\n\t\t\t\t\t\t<\/ul>\n\t\t\t\t<\/div>\n\t\t\t\t<\/div>\n\t\t\t\t\t<\/div>\n\t\t<\/div>\n\t\t\t\t\t\t\t<\/div>\n\t\t<\/section>\n\t\t\t\t<section class=\"elementor-section elementor-top-section elementor-element elementor-element-4333260 elementor-section-boxed elementor-section-height-default elementor-section-height-default\" data-id=\"4333260\" data-element_type=\"section\">\n\t\t\t\t\t\t<div class=\"elementor-container elementor-column-gap-default\">\n\t\t\t\t\t<div class=\"elementor-column elementor-col-100 elementor-top-column elementor-element elementor-element-0effa4f\" data-id=\"0effa4f\" data-element_type=\"column\">\n\t\t\t<div class=\"elementor-widget-wrap elementor-element-populated\">\n\t\t\t\t\t\t\t\t<div class=\"elementor-element elementor-element-64a78d5 elementor-widget elementor-widget-heading\" data-id=\"64a78d5\" data-element_type=\"widget\" data-widget_type=\"heading.default\">\n\t\t\t\t<div class=\"elementor-widget-container\">\n\t\t\t<h2 class=\"elementor-heading-title elementor-size-default\">REGISTRACIJA<\/h2>\t\t<\/div>\n\t\t\t\t<\/div>\n\t\t\t\t\t<\/div>\n\t\t<\/div>\n\t\t\t\t\t\t\t<\/div>\n\t\t<\/section>\n\t\t\t\t<section class=\"elementor-section elementor-top-section elementor-element elementor-element-dd8bfb7 elementor-section-boxed elementor-section-height-default elementor-section-height-default\" data-id=\"dd8bfb7\" data-element_type=\"section\" data-settings=\"{&quot;background_background&quot;:&quot;classic&quot;}\">\n\t\t\t\t\t\t<div class=\"elementor-container elementor-column-gap-default\">\n\t\t\t\t\t<div class=\"elementor-column elementor-col-100 elementor-top-column elementor-element elementor-element-5491151\" data-id=\"5491151\" data-element_type=\"column\" data-settings=\"{&quot;background_background&quot;:&quot;classic&quot;}\">\n\t\t\t<div class=\"elementor-widget-wrap elementor-element-populated\">\n\t\t\t\t\t\t\t\t<div class=\"elementor-element elementor-element-d35632b elementor-widget elementor-widget-heading\" data-id=\"d35632b\" data-element_type=\"widget\" data-widget_type=\"heading.default\">\n\t\t\t\t<div class=\"elementor-widget-container\">\n\t\t\t<h1 class=\"elementor-heading-title elementor-size-default\">GES & REGIS<\/h1>\t\t<\/div>\n\t\t\t\t<\/div>\n\t\t\t\t<div class=\"elementor-element elementor-element-529775a elementor-widget elementor-widget-text-editor\" data-id=\"529775a\" data-element_type=\"widget\" data-widget_type=\"text-editor.default\">\n\t\t\t\t<div class=\"elementor-widget-container\">\n\t\t\t<style>\/*! elementor - v3.12.1 - 02-04-2023 *\/\n.elementor-widget-text-editor.elementor-drop-cap-view-stacked .elementor-drop-cap{background-color:#69727d;color:#fff}.elementor-widget-text-editor.elementor-drop-cap-view-framed .elementor-drop-cap{color:#69727d;border:3px solid;background-color:transparent}.elementor-widget-text-editor:not(.elementor-drop-cap-view-default) .elementor-drop-cap{margin-top:8px}.elementor-widget-text-editor:not(.elementor-drop-cap-view-default) .elementor-drop-cap-letter{width:1em;height:1em}.elementor-widget-text-editor .elementor-drop-cap{float:left;text-align:center;line-height:1;font-size:50px}.elementor-widget-text-editor .elementor-drop-cap-letter{display:inline-block}<\/style>\t\t\t\t<p>GES &#8211; signalizacijski releji so samonapajani z vhodnih signalov. Vhodni signal je obi\u010dajno izklopni kontakt za\u0161\u010dite s &#8220;+&#8221; potencialom iz pomo\u017eme baterije za\u0161\u010dite.<\/p><p>REGIS &#8211; registracijski releji potrebujejo pomo\u017eno napajanje in ima direktno povezavo s &#8220;+&#8221; in &#8220;-&#8221; potencialom pomo\u017enega napajanja za\u0161\u010dite.<\/p>\t\t\t\t\t\t<\/div>\n\t\t\t\t<\/div>\n\t\t\t\t<div class=\"elementor-element elementor-element-a4f65a4 elementor-widget elementor-widget-button\" data-id=\"a4f65a4\" data-element_type=\"widget\" data-widget_type=\"button.default\">\n\t\t\t\t<div class=\"elementor-widget-container\">\n\t\t\t\t\t<div class=\"elementor-button-wrapper\">\n\t\t\t<a href=\"https:\/\/ganting.si\/wp-content\/uploads\/2022\/09\/ges_regis_catalogue.pdf\" target=\"_blank\" class=\"elementor-button-link elementor-button elementor-size-lg elementor-animation-grow\" role=\"button\" id=\"GES&amp;REGIS_slo\">\n\t\t\t\t\t\t<span class=\"elementor-button-content-wrapper\">\n\t\t\t\t\t\t\t<span class=\"elementor-button-icon elementor-align-icon-right\">\n\t\t\t\t<i aria-hidden=\"true\" class=\"fas fa-angle-right\"><\/i>\t\t\t<\/span>\n\t\t\t\t\t\t<span class=\"elementor-button-text\">GES & REGIS catalogue (.pdf)<\/span>\n\t\t<\/span>\n\t\t\t\t\t<\/a>\n\t\t<\/div>\n\t\t\t\t<\/div>\n\t\t\t\t<\/div>\n\t\t\t\t<div class=\"elementor-element elementor-element-3a4aed9 elementor-widget elementor-widget-image-gallery\" data-id=\"3a4aed9\" data-element_type=\"widget\" data-widget_type=\"image-gallery.default\">\n\t\t\t\t<div class=\"elementor-widget-container\">\n\t\t\t<style>\/*! elementor - v3.12.1 - 02-04-2023 *\/\n.elementor-image-gallery .gallery-item{display:inline-block;text-align:center;vertical-align:top;width:100%;max-width:100%;margin:0 auto}.elementor-image-gallery .gallery-item img{margin:0 auto}.elementor-image-gallery .gallery-item .gallery-caption{margin:0}.elementor-image-gallery figure img{display:block}.elementor-image-gallery figure figcaption{width:100%}.gallery-spacing-custom .elementor-image-gallery .gallery-icon{padding:0}@media (min-width:768px){.elementor-image-gallery .gallery-columns-2 .gallery-item{max-width:50%}.elementor-image-gallery .gallery-columns-3 .gallery-item{max-width:33.33%}.elementor-image-gallery .gallery-columns-4 .gallery-item{max-width:25%}.elementor-image-gallery .gallery-columns-5 .gallery-item{max-width:20%}.elementor-image-gallery .gallery-columns-6 .gallery-item{max-width:16.666%}.elementor-image-gallery .gallery-columns-7 .gallery-item{max-width:14.28%}.elementor-image-gallery .gallery-columns-8 .gallery-item{max-width:12.5%}.elementor-image-gallery .gallery-columns-9 .gallery-item{max-width:11.11%}.elementor-image-gallery .gallery-columns-10 .gallery-item{max-width:10%}}@media (min-width:480px) and (max-width:767px){.elementor-image-gallery .gallery.gallery-columns-2 .gallery-item,.elementor-image-gallery .gallery.gallery-columns-3 .gallery-item,.elementor-image-gallery .gallery.gallery-columns-4 .gallery-item,.elementor-image-gallery .gallery.gallery-columns-5 .gallery-item,.elementor-image-gallery .gallery.gallery-columns-6 .gallery-item,.elementor-image-gallery .gallery.gallery-columns-7 .gallery-item,.elementor-image-gallery .gallery.gallery-columns-8 .gallery-item,.elementor-image-gallery .gallery.gallery-columns-9 .gallery-item,.elementor-image-gallery .gallery.gallery-columns-10 .gallery-item{max-width:50%}}@media (max-width:479px){.elementor-image-gallery .gallery.gallery-columns-2 .gallery-item,.elementor-image-gallery .gallery.gallery-columns-3 .gallery-item,.elementor-image-gallery .gallery.gallery-columns-4 .gallery-item,.elementor-image-gallery .gallery.gallery-columns-5 .gallery-item,.elementor-image-gallery .gallery.gallery-columns-6 .gallery-item,.elementor-image-gallery .gallery.gallery-columns-7 .gallery-item,.elementor-image-gallery .gallery.gallery-columns-8 .gallery-item,.elementor-image-gallery .gallery.gallery-columns-9 .gallery-item,.elementor-image-gallery .gallery.gallery-columns-10 .gallery-item{max-width:100%}}<\/style>\t\t<div class=\"elementor-image-gallery\">\n\t\t\t<div id='gallery-1' class='gallery galleryid-1035 gallery-columns-6 gallery-size-thumbnail'><figure class='gallery-item'>\n\t\t\t<div class='gallery-icon portrait'>\n\t\t\t\t<a data-elementor-open-lightbox=\"yes\" data-elementor-lightbox-slideshow=\"3a4aed9\" data-elementor-lightbox-title=\"f_signalizacija_ges3411_b\" data-e-action-hash=\"#elementor-action%3Aaction%3Dlightbox%26settings%3DeyJpZCI6MzUsInVybCI6Imh0dHBzOlwvXC9nYW50aW5nLnNpXC93cC1jb250ZW50XC91cGxvYWRzXC8yMDIyXC8wOVwvZl9zaWduYWxpemFjaWphX2dlczM0MTFfYi5qcGciLCJzbGlkZXNob3ciOiIzYTRhZWQ5In0%3D\" href='https:\/\/ganting.si\/wp-content\/uploads\/2022\/09\/f_signalizacija_ges3411_b.jpg'><img width=\"150\" height=\"150\" src=\"https:\/\/ganting.si\/wp-content\/uploads\/2022\/09\/f_signalizacija_ges3411_b-150x150.jpg\" class=\"attachment-thumbnail size-thumbnail\" alt=\"\" loading=\"lazy\" aria-describedby=\"gallery-1-35\" srcset=\"https:\/\/ganting.si\/wp-content\/uploads\/2022\/09\/f_signalizacija_ges3411_b-150x150.jpg 150w, https:\/\/ganting.si\/wp-content\/uploads\/2022\/09\/f_signalizacija_ges3411_b-400x400.jpg 400w\" sizes=\"(max-width: 150px) 100vw, 150px\" \/><\/a>\n\t\t\t<\/div>\n\t\t\t\t<figcaption class='wp-caption-text gallery-caption' id='gallery-1-35'>\n\t\t\t\tGES 3411\n\t\t\t\t<\/figcaption><\/figure><figure class='gallery-item'>\n\t\t\t<div class='gallery-icon portrait'>\n\t\t\t\t<a data-elementor-open-lightbox=\"yes\" data-elementor-lightbox-slideshow=\"3a4aed9\" data-elementor-lightbox-title=\"f_signalizacija_ges3411_a\" data-e-action-hash=\"#elementor-action%3Aaction%3Dlightbox%26settings%3DeyJpZCI6MzQsInVybCI6Imh0dHBzOlwvXC9nYW50aW5nLnNpXC93cC1jb250ZW50XC91cGxvYWRzXC8yMDIyXC8wOVwvZl9zaWduYWxpemFjaWphX2dlczM0MTFfYS5qcGciLCJzbGlkZXNob3ciOiIzYTRhZWQ5In0%3D\" href='https:\/\/ganting.si\/wp-content\/uploads\/2022\/09\/f_signalizacija_ges3411_a.jpg'><img width=\"150\" height=\"150\" src=\"https:\/\/ganting.si\/wp-content\/uploads\/2022\/09\/f_signalizacija_ges3411_a-150x150.jpg\" class=\"attachment-thumbnail size-thumbnail\" alt=\"\" loading=\"lazy\" srcset=\"https:\/\/ganting.si\/wp-content\/uploads\/2022\/09\/f_signalizacija_ges3411_a-150x150.jpg 150w, https:\/\/ganting.si\/wp-content\/uploads\/2022\/09\/f_signalizacija_ges3411_a-400x400.jpg 400w\" sizes=\"(max-width: 150px) 100vw, 150px\" \/><\/a>\n\t\t\t<\/div><\/figure><figure class='gallery-item'>\n\t\t\t<div class='gallery-icon portrait'>\n\t\t\t\t<a data-elementor-open-lightbox=\"yes\" data-elementor-lightbox-slideshow=\"3a4aed9\" data-elementor-lightbox-title=\"f_signalizacija_ges3801_b\" data-e-action-hash=\"#elementor-action%3Aaction%3Dlightbox%26settings%3DeyJpZCI6MzcsInVybCI6Imh0dHBzOlwvXC9nYW50aW5nLnNpXC93cC1jb250ZW50XC91cGxvYWRzXC8yMDIyXC8wOVwvZl9zaWduYWxpemFjaWphX2dlczM4MDFfYi5qcGciLCJzbGlkZXNob3ciOiIzYTRhZWQ5In0%3D\" href='https:\/\/ganting.si\/wp-content\/uploads\/2022\/09\/f_signalizacija_ges3801_b.jpg'><img width=\"150\" height=\"150\" src=\"https:\/\/ganting.si\/wp-content\/uploads\/2022\/09\/f_signalizacija_ges3801_b-150x150.jpg\" class=\"attachment-thumbnail size-thumbnail\" alt=\"\" loading=\"lazy\" aria-describedby=\"gallery-1-37\" srcset=\"https:\/\/ganting.si\/wp-content\/uploads\/2022\/09\/f_signalizacija_ges3801_b-150x150.jpg 150w, https:\/\/ganting.si\/wp-content\/uploads\/2022\/09\/f_signalizacija_ges3801_b-400x400.jpg 400w\" sizes=\"(max-width: 150px) 100vw, 150px\" \/><\/a>\n\t\t\t<\/div>\n\t\t\t\t<figcaption class='wp-caption-text gallery-caption' id='gallery-1-37'>\n\t\t\t\tGES 3801\n\t\t\t\t<\/figcaption><\/figure><figure class='gallery-item'>\n\t\t\t<div class='gallery-icon portrait'>\n\t\t\t\t<a data-elementor-open-lightbox=\"yes\" data-elementor-lightbox-slideshow=\"3a4aed9\" data-elementor-lightbox-title=\"f_signalizacija_ges3801_a\" data-e-action-hash=\"#elementor-action%3Aaction%3Dlightbox%26settings%3DeyJpZCI6MzYsInVybCI6Imh0dHBzOlwvXC9nYW50aW5nLnNpXC93cC1jb250ZW50XC91cGxvYWRzXC8yMDIyXC8wOVwvZl9zaWduYWxpemFjaWphX2dlczM4MDFfYS5qcGciLCJzbGlkZXNob3ciOiIzYTRhZWQ5In0%3D\" href='https:\/\/ganting.si\/wp-content\/uploads\/2022\/09\/f_signalizacija_ges3801_a.jpg'><img width=\"150\" height=\"150\" src=\"https:\/\/ganting.si\/wp-content\/uploads\/2022\/09\/f_signalizacija_ges3801_a-150x150.jpg\" class=\"attachment-thumbnail size-thumbnail\" alt=\"\" loading=\"lazy\" srcset=\"https:\/\/ganting.si\/wp-content\/uploads\/2022\/09\/f_signalizacija_ges3801_a-150x150.jpg 150w, https:\/\/ganting.si\/wp-content\/uploads\/2022\/09\/f_signalizacija_ges3801_a-400x400.jpg 400w\" sizes=\"(max-width: 150px) 100vw, 150px\" \/><\/a>\n\t\t\t<\/div><\/figure>\n\t\t<\/div>\n\t\t<\/div>\n\t\t\t\t<\/div>\n\t\t\t\t<\/div>\n\t\t\t\t\t<\/div>\n\t\t<\/div>\n\t\t\t\t\t\t\t<\/div>\n\t\t<\/section>\n\t\t\t\t\t\t\t<\/div>\n\t\t","protected":false},"excerpt":{"rendered":"<p>relejska za\u0161\u010dita Relejska za\u0161\u010dita Testna oprema Ganting REGISTRACIJA GES &#038; REGIS GES &#8211; signalizacijski releji so samonapajani z vhodnih signalov. Vhodni signal [&hellip;]<\/p>\n","protected":false},"author":1,"featured_media":0,"parent":0,"menu_order":0,"comment_status":"closed","ping_status":"closed","template":"elementor_header_footer","meta":[],"yoast_head":"<!-- This site is optimized with the Yoast SEO plugin v20.4 - https:\/\/yoast.com\/wordpress\/plugins\/seo\/ -->\n<title>slo_annunciation_relays - Ganting<\/title>\n<meta name=\"robots\" content=\"index, follow, max-snippet:-1, max-image-preview:large, max-video-preview:-1\" \/>\n<link rel=\"canonical\" href=\"https:\/\/ganting.si\/?page_id=1035\" \/>\n<meta property=\"og:locale\" content=\"sl_SI\" \/>\n<meta property=\"og:type\" content=\"article\" \/>\n<meta property=\"og:title\" content=\"slo_annunciation_relays - Ganting\" \/>\n<meta property=\"og:description\" content=\"relejska za\u0161\u010dita Relejska za\u0161\u010dita Testna oprema Ganting REGISTRACIJA GES &#038; REGIS GES &#8211; signalizacijski releji so samonapajani z vhodnih signalov. Vhodni signal [&hellip;]\" \/>\n<meta property=\"og:url\" content=\"https:\/\/ganting.si\/?page_id=1035\" \/>\n<meta property=\"og:site_name\" content=\"Ganting\" \/>\n<meta property=\"article:modified_time\" content=\"2022-10-07T15:29:13+00:00\" \/>\n<meta property=\"og:image\" content=\"https:\/\/ganting.si\/wp-content\/uploads\/2022\/09\/f_signalizacija_ges3411_b-150x150.jpg\" \/>\n<meta name=\"twitter:card\" content=\"summary_large_image\" \/>\n<meta name=\"twitter:label1\" content=\"Est. reading time\" \/>\n\t<meta name=\"twitter:data1\" content=\"2 minuti\" \/>\n<script type=\"application\/ld+json\" class=\"yoast-schema-graph\">{\"@context\":\"https:\/\/schema.org\",\"@graph\":[{\"@type\":\"WebPage\",\"@id\":\"https:\/\/ganting.si\/?page_id=1035\",\"url\":\"https:\/\/ganting.si\/?page_id=1035\",\"name\":\"slo_annunciation_relays - Ganting\",\"isPartOf\":{\"@id\":\"https:\/\/ganting.si\/#website\"},\"datePublished\":\"2022-09-20T15:50:12+00:00\",\"dateModified\":\"2022-10-07T15:29:13+00:00\",\"breadcrumb\":{\"@id\":\"https:\/\/ganting.si\/?page_id=1035#breadcrumb\"},\"inLanguage\":\"sl-SI\",\"potentialAction\":[{\"@type\":\"ReadAction\",\"target\":[\"https:\/\/ganting.si\/?page_id=1035\"]}]},{\"@type\":\"BreadcrumbList\",\"@id\":\"https:\/\/ganting.si\/?page_id=1035#breadcrumb\",\"itemListElement\":[{\"@type\":\"ListItem\",\"position\":1,\"name\":\"Home\",\"item\":\"https:\/\/ganting.si\/\"},{\"@type\":\"ListItem\",\"position\":2,\"name\":\"slo_annunciation_relays\"}]},{\"@type\":\"WebSite\",\"@id\":\"https:\/\/ganting.si\/#website\",\"url\":\"https:\/\/ganting.si\/\",\"name\":\"Ganting\",\"description\":\"Relay protection\",\"publisher\":{\"@id\":\"https:\/\/ganting.si\/#organization\"},\"potentialAction\":[{\"@type\":\"SearchAction\",\"target\":{\"@type\":\"EntryPoint\",\"urlTemplate\":\"https:\/\/ganting.si\/?s={search_term_string}\"},\"query-input\":\"required name=search_term_string\"}],\"inLanguage\":\"sl-SI\"},{\"@type\":\"Organization\",\"@id\":\"https:\/\/ganting.si\/#organization\",\"name\":\"Relay protection Ganting\",\"url\":\"https:\/\/ganting.si\/\",\"logo\":{\"@type\":\"ImageObject\",\"inLanguage\":\"sl-SI\",\"@id\":\"https:\/\/ganting.si\/#\/schema\/logo\/image\/\",\"url\":\"https:\/\/ganting.si\/wp-content\/uploads\/2022\/09\/ganting_logo_black.png\",\"contentUrl\":\"https:\/\/ganting.si\/wp-content\/uploads\/2022\/09\/ganting_logo_black.png\",\"width\":201,\"height\":27,\"caption\":\"Relay protection Ganting\"},\"image\":{\"@id\":\"https:\/\/ganting.si\/#\/schema\/logo\/image\/\"}}]}<\/script>\n<!-- \/ Yoast SEO plugin. -->","yoast_head_json":{"title":"slo_annunciation_relays - Ganting","robots":{"index":"index","follow":"follow","max-snippet":"max-snippet:-1","max-image-preview":"max-image-preview:large","max-video-preview":"max-video-preview:-1"},"canonical":"https:\/\/ganting.si\/?page_id=1035","og_locale":"sl_SI","og_type":"article","og_title":"slo_annunciation_relays - Ganting","og_description":"relejska za\u0161\u010dita Relejska za\u0161\u010dita Testna oprema Ganting REGISTRACIJA GES &#038; REGIS GES &#8211; signalizacijski releji so samonapajani z vhodnih signalov. Vhodni signal [&hellip;]","og_url":"https:\/\/ganting.si\/?page_id=1035","og_site_name":"Ganting","article_modified_time":"2022-10-07T15:29:13+00:00","og_image":[{"url":"https:\/\/ganting.si\/wp-content\/uploads\/2022\/09\/f_signalizacija_ges3411_b-150x150.jpg"}],"twitter_card":"summary_large_image","twitter_misc":{"Est. reading time":"2 minuti"},"schema":{"@context":"https:\/\/schema.org","@graph":[{"@type":"WebPage","@id":"https:\/\/ganting.si\/?page_id=1035","url":"https:\/\/ganting.si\/?page_id=1035","name":"slo_annunciation_relays - Ganting","isPartOf":{"@id":"https:\/\/ganting.si\/#website"},"datePublished":"2022-09-20T15:50:12+00:00","dateModified":"2022-10-07T15:29:13+00:00","breadcrumb":{"@id":"https:\/\/ganting.si\/?page_id=1035#breadcrumb"},"inLanguage":"sl-SI","potentialAction":[{"@type":"ReadAction","target":["https:\/\/ganting.si\/?page_id=1035"]}]},{"@type":"BreadcrumbList","@id":"https:\/\/ganting.si\/?page_id=1035#breadcrumb","itemListElement":[{"@type":"ListItem","position":1,"name":"Home","item":"https:\/\/ganting.si\/"},{"@type":"ListItem","position":2,"name":"slo_annunciation_relays"}]},{"@type":"WebSite","@id":"https:\/\/ganting.si\/#website","url":"https:\/\/ganting.si\/","name":"Ganting","description":"Relay protection","publisher":{"@id":"https:\/\/ganting.si\/#organization"},"potentialAction":[{"@type":"SearchAction","target":{"@type":"EntryPoint","urlTemplate":"https:\/\/ganting.si\/?s={search_term_string}"},"query-input":"required name=search_term_string"}],"inLanguage":"sl-SI"},{"@type":"Organization","@id":"https:\/\/ganting.si\/#organization","name":"Relay protection Ganting","url":"https:\/\/ganting.si\/","logo":{"@type":"ImageObject","inLanguage":"sl-SI","@id":"https:\/\/ganting.si\/#\/schema\/logo\/image\/","url":"https:\/\/ganting.si\/wp-content\/uploads\/2022\/09\/ganting_logo_black.png","contentUrl":"https:\/\/ganting.si\/wp-content\/uploads\/2022\/09\/ganting_logo_black.png","width":201,"height":27,"caption":"Relay protection Ganting"},"image":{"@id":"https:\/\/ganting.si\/#\/schema\/logo\/image\/"}}]}},"_links":{"self":[{"href":"https:\/\/ganting.si\/index.php?rest_route=\/wp\/v2\/pages\/1035"}],"collection":[{"href":"https:\/\/ganting.si\/index.php?rest_route=\/wp\/v2\/pages"}],"about":[{"href":"https:\/\/ganting.si\/index.php?rest_route=\/wp\/v2\/types\/page"}],"author":[{"embeddable":true,"href":"https:\/\/ganting.si\/index.php?rest_route=\/wp\/v2\/users\/1"}],"replies":[{"embeddable":true,"href":"https:\/\/ganting.si\/index.php?rest_route=%2Fwp%2Fv2%2Fcomments&post=1035"}],"version-history":[{"count":25,"href":"https:\/\/ganting.si\/index.php?rest_route=\/wp\/v2\/pages\/1035\/revisions"}],"predecessor-version":[{"id":2135,"href":"https:\/\/ganting.si\/index.php?rest_route=\/wp\/v2\/pages\/1035\/revisions\/2135"}],"wp:attachment":[{"href":"https:\/\/ganting.si\/index.php?rest_route=%2Fwp%2Fv2%2Fmedia&parent=1035"}],"curies":[{"name":"wp","href":"https:\/\/api.w.org\/{rel}","templated":true}]}}