{"id":1012,"date":"2022-09-20T17:44:12","date_gmt":"2022-09-20T15:44:12","guid":{"rendered":"https:\/\/ganting.si\/?page_id=1012"},"modified":"2022-10-07T17:28:26","modified_gmt":"2022-10-07T15:28:26","slug":"slo_voltage_relays","status":"publish","type":"page","link":"https:\/\/ganting.si\/?page_id=1012","title":{"rendered":"slo_voltage_relays"},"content":{"rendered":"\t\t<div data-elementor-type=\"wp-page\" data-elementor-id=\"1012\" class=\"elementor elementor-1012\">\n\t\t\t\t\t\t\t\t\t<section class=\"elementor-section elementor-top-section elementor-element elementor-element-fcc1c55 elementor-section-boxed elementor-section-height-default elementor-section-height-default\" data-id=\"fcc1c55\" data-element_type=\"section\" data-settings=\"{&quot;background_background&quot;:&quot;classic&quot;}\">\n\t\t\t\t\t\t<div class=\"elementor-container elementor-column-gap-default\">\n\t\t\t\t\t<div class=\"elementor-column elementor-col-50 elementor-top-column elementor-element elementor-element-138baec\" data-id=\"138baec\" data-element_type=\"column\">\n\t\t\t<div class=\"elementor-widget-wrap elementor-element-populated\">\n\t\t\t\t\t\t\t\t<div class=\"elementor-element elementor-element-fafb862 elementor-widget elementor-widget-heading\" data-id=\"fafb862\" data-element_type=\"widget\" data-widget_type=\"heading.default\">\n\t\t\t\t<div class=\"elementor-widget-container\">\n\t\t\t<style>\/*! elementor - v3.12.1 - 02-04-2023 *\/\n.elementor-heading-title{padding:0;margin:0;line-height:1}.elementor-widget-heading .elementor-heading-title[class*=elementor-size-]>a{color:inherit;font-size:inherit;line-height:inherit}.elementor-widget-heading .elementor-heading-title.elementor-size-small{font-size:15px}.elementor-widget-heading .elementor-heading-title.elementor-size-medium{font-size:19px}.elementor-widget-heading .elementor-heading-title.elementor-size-large{font-size:29px}.elementor-widget-heading .elementor-heading-title.elementor-size-xl{font-size:39px}.elementor-widget-heading .elementor-heading-title.elementor-size-xxl{font-size:59px}<\/style><h2 class=\"elementor-heading-title elementor-size-default\">relejska za\u0161\u010dita<\/h2>\t\t<\/div>\n\t\t\t\t<\/div>\n\t\t\t\t\t<\/div>\n\t\t<\/div>\n\t\t\t\t<div class=\"elementor-column elementor-col-50 elementor-top-column elementor-element elementor-element-d016567\" data-id=\"d016567\" data-element_type=\"column\">\n\t\t\t<div class=\"elementor-widget-wrap elementor-element-populated\">\n\t\t\t\t\t\t\t\t<div class=\"elementor-element elementor-element-acb8990 elementor-icon-list--layout-inline elementor-align-right elementor-list-item-link-full_width elementor-widget elementor-widget-icon-list\" data-id=\"acb8990\" data-element_type=\"widget\" data-widget_type=\"icon-list.default\">\n\t\t\t\t<div class=\"elementor-widget-container\">\n\t\t\t<link rel=\"stylesheet\" href=\"https:\/\/ganting.si\/wp-content\/plugins\/elementor\/assets\/css\/widget-icon-list.min.css\">\t\t<ul class=\"elementor-icon-list-items elementor-inline-items\">\n\t\t\t\t\t\t\t<li class=\"elementor-icon-list-item elementor-inline-item\">\n\t\t\t\t\t\t\t\t\t\t\t<a href=\"https:\/\/ganting.si\/?page_id=55\">\n\n\t\t\t\t\t\t\t\t\t\t\t\t<span class=\"elementor-icon-list-icon\">\n\t\t\t\t\t\t\t<i aria-hidden=\"true\" class=\"fas fa-chevron-right\"><\/i>\t\t\t\t\t\t<\/span>\n\t\t\t\t\t\t\t\t\t\t<span class=\"elementor-icon-list-text\">Relejska za\u0161\u010dita<\/span>\n\t\t\t\t\t\t\t\t\t\t\t<\/a>\n\t\t\t\t\t\t\t\t\t<\/li>\n\t\t\t\t\t\t\t\t<li class=\"elementor-icon-list-item elementor-inline-item\">\n\t\t\t\t\t\t\t\t\t\t\t<a href=\"https:\/\/ganting.si\/?page_id=1100\">\n\n\t\t\t\t\t\t\t\t\t\t\t\t<span class=\"elementor-icon-list-icon\">\n\t\t\t\t\t\t\t<i aria-hidden=\"true\" class=\"fas fa-chevron-right\"><\/i>\t\t\t\t\t\t<\/span>\n\t\t\t\t\t\t\t\t\t\t<span class=\"elementor-icon-list-text\">Testna oprema<\/span>\n\t\t\t\t\t\t\t\t\t\t\t<\/a>\n\t\t\t\t\t\t\t\t\t<\/li>\n\t\t\t\t\t\t\t\t<li class=\"elementor-icon-list-item elementor-inline-item\">\n\t\t\t\t\t\t\t\t\t\t\t<a href=\"https:\/\/ganting.si\/?page_id=57\">\n\n\t\t\t\t\t\t\t\t\t\t\t\t<span class=\"elementor-icon-list-icon\">\n\t\t\t\t\t\t\t<i aria-hidden=\"true\" class=\"fas fa-chevron-right\"><\/i>\t\t\t\t\t\t<\/span>\n\t\t\t\t\t\t\t\t\t\t<span class=\"elementor-icon-list-text\">Ganting<\/span>\n\t\t\t\t\t\t\t\t\t\t\t<\/a>\n\t\t\t\t\t\t\t\t\t<\/li>\n\t\t\t\t\t\t<\/ul>\n\t\t\t\t<\/div>\n\t\t\t\t<\/div>\n\t\t\t\t\t<\/div>\n\t\t<\/div>\n\t\t\t\t\t\t\t<\/div>\n\t\t<\/section>\n\t\t\t\t<section class=\"elementor-section elementor-top-section elementor-element elementor-element-a9e00c9 elementor-section-boxed elementor-section-height-default elementor-section-height-default\" data-id=\"a9e00c9\" data-element_type=\"section\">\n\t\t\t\t\t\t<div class=\"elementor-container elementor-column-gap-default\">\n\t\t\t\t\t<div class=\"elementor-column elementor-col-100 elementor-top-column elementor-element elementor-element-b0a7655\" data-id=\"b0a7655\" data-element_type=\"column\">\n\t\t\t<div class=\"elementor-widget-wrap elementor-element-populated\">\n\t\t\t\t\t\t\t\t<div class=\"elementor-element elementor-element-9518510 elementor-widget elementor-widget-heading\" data-id=\"9518510\" data-element_type=\"widget\" data-widget_type=\"heading.default\">\n\t\t\t\t<div class=\"elementor-widget-container\">\n\t\t\t<h2 class=\"elementor-heading-title elementor-size-default\">NAPETOSTNI IN \u010cASOVNI RELEJI<\/h2>\t\t<\/div>\n\t\t\t\t<\/div>\n\t\t\t\t\t<\/div>\n\t\t<\/div>\n\t\t\t\t\t\t\t<\/div>\n\t\t<\/section>\n\t\t\t\t<section class=\"elementor-section elementor-top-section elementor-element elementor-element-dc4aeb7 elementor-section-boxed elementor-section-height-default elementor-section-height-default\" data-id=\"dc4aeb7\" data-element_type=\"section\" data-settings=\"{&quot;background_background&quot;:&quot;classic&quot;}\">\n\t\t\t\t\t\t<div class=\"elementor-container elementor-column-gap-default\">\n\t\t\t\t\t<div class=\"elementor-column elementor-col-100 elementor-top-column elementor-element elementor-element-66dde69\" data-id=\"66dde69\" data-element_type=\"column\" data-settings=\"{&quot;background_background&quot;:&quot;classic&quot;}\">\n\t\t\t<div class=\"elementor-widget-wrap elementor-element-populated\">\n\t\t\t\t\t\t\t\t<div class=\"elementor-element elementor-element-a50c523 elementor-widget elementor-widget-heading\" data-id=\"a50c523\" data-element_type=\"widget\" data-widget_type=\"heading.default\">\n\t\t\t\t<div class=\"elementor-widget-container\">\n\t\t\t<h1 class=\"elementor-heading-title elementor-size-default\">Eno-fazni pod ali nad-napetostni zakasnjeni rele V1Y<\/h1>\t\t<\/div>\n\t\t\t\t<\/div>\n\t\t\t\t<div class=\"elementor-element elementor-element-f096086 elementor-widget elementor-widget-text-editor\" data-id=\"f096086\" data-element_type=\"widget\" data-widget_type=\"text-editor.default\">\n\t\t\t\t<div class=\"elementor-widget-container\">\n\t\t\t<style>\/*! elementor - v3.12.1 - 02-04-2023 *\/\n.elementor-widget-text-editor.elementor-drop-cap-view-stacked .elementor-drop-cap{background-color:#69727d;color:#fff}.elementor-widget-text-editor.elementor-drop-cap-view-framed .elementor-drop-cap{color:#69727d;border:3px solid;background-color:transparent}.elementor-widget-text-editor:not(.elementor-drop-cap-view-default) .elementor-drop-cap{margin-top:8px}.elementor-widget-text-editor:not(.elementor-drop-cap-view-default) .elementor-drop-cap-letter{width:1em;height:1em}.elementor-widget-text-editor .elementor-drop-cap{float:left;text-align:center;line-height:1;font-size:50px}.elementor-widget-text-editor .elementor-drop-cap-letter{display:inline-block}<\/style>\t\t\t\t<p>Samonapajana za\u0161\u010dita dobavljiva v:<\/p><ul><li>HX1 modulu, sistema Combiflex<\/li><li>H1 enoti, za povr\u0161insko monta\u017eo<\/li><li>H4 enoti, za povr\u0161insko monta\u017eo<\/li><\/ul>\t\t\t\t\t\t<\/div>\n\t\t\t\t<\/div>\n\t\t\t\t<div class=\"elementor-element elementor-element-52d5040 elementor-widget elementor-widget-button\" data-id=\"52d5040\" data-element_type=\"widget\" data-widget_type=\"button.default\">\n\t\t\t\t<div class=\"elementor-widget-container\">\n\t\t\t\t\t<div class=\"elementor-button-wrapper\">\n\t\t\t<a href=\"https:\/\/ganting.si\/wp-content\/uploads\/2022\/10\/V1Y_max_or_min_eng.pdf\" target=\"_blank\" class=\"elementor-button-link elementor-button elementor-size-lg elementor-animation-grow\" role=\"button\" id=\"V1Y_slo\">\n\t\t\t\t\t\t<span class=\"elementor-button-content-wrapper\">\n\t\t\t\t\t\t\t<span class=\"elementor-button-icon elementor-align-icon-right\">\n\t\t\t\t<i aria-hidden=\"true\" class=\"fas fa-angle-right\"><\/i>\t\t\t<\/span>\n\t\t\t\t\t\t<span class=\"elementor-button-text\">Mono-phase Under or Over-Voltage delayed relay V1Y catalogue (pdf)<\/span>\n\t\t<\/span>\n\t\t\t\t\t<\/a>\n\t\t<\/div>\n\t\t\t\t<\/div>\n\t\t\t\t<\/div>\n\t\t\t\t<div class=\"elementor-element elementor-element-3acc833 elementor-widget elementor-widget-image-gallery\" data-id=\"3acc833\" data-element_type=\"widget\" data-widget_type=\"image-gallery.default\">\n\t\t\t\t<div class=\"elementor-widget-container\">\n\t\t\t<style>\/*! elementor - v3.12.1 - 02-04-2023 *\/\n.elementor-image-gallery .gallery-item{display:inline-block;text-align:center;vertical-align:top;width:100%;max-width:100%;margin:0 auto}.elementor-image-gallery .gallery-item img{margin:0 auto}.elementor-image-gallery .gallery-item .gallery-caption{margin:0}.elementor-image-gallery figure img{display:block}.elementor-image-gallery figure figcaption{width:100%}.gallery-spacing-custom .elementor-image-gallery .gallery-icon{padding:0}@media (min-width:768px){.elementor-image-gallery .gallery-columns-2 .gallery-item{max-width:50%}.elementor-image-gallery .gallery-columns-3 .gallery-item{max-width:33.33%}.elementor-image-gallery .gallery-columns-4 .gallery-item{max-width:25%}.elementor-image-gallery .gallery-columns-5 .gallery-item{max-width:20%}.elementor-image-gallery .gallery-columns-6 .gallery-item{max-width:16.666%}.elementor-image-gallery .gallery-columns-7 .gallery-item{max-width:14.28%}.elementor-image-gallery .gallery-columns-8 .gallery-item{max-width:12.5%}.elementor-image-gallery .gallery-columns-9 .gallery-item{max-width:11.11%}.elementor-image-gallery .gallery-columns-10 .gallery-item{max-width:10%}}@media (min-width:480px) and (max-width:767px){.elementor-image-gallery .gallery.gallery-columns-2 .gallery-item,.elementor-image-gallery .gallery.gallery-columns-3 .gallery-item,.elementor-image-gallery .gallery.gallery-columns-4 .gallery-item,.elementor-image-gallery .gallery.gallery-columns-5 .gallery-item,.elementor-image-gallery .gallery.gallery-columns-6 .gallery-item,.elementor-image-gallery .gallery.gallery-columns-7 .gallery-item,.elementor-image-gallery .gallery.gallery-columns-8 .gallery-item,.elementor-image-gallery .gallery.gallery-columns-9 .gallery-item,.elementor-image-gallery .gallery.gallery-columns-10 .gallery-item{max-width:50%}}@media (max-width:479px){.elementor-image-gallery .gallery.gallery-columns-2 .gallery-item,.elementor-image-gallery .gallery.gallery-columns-3 .gallery-item,.elementor-image-gallery .gallery.gallery-columns-4 .gallery-item,.elementor-image-gallery .gallery.gallery-columns-5 .gallery-item,.elementor-image-gallery .gallery.gallery-columns-6 .gallery-item,.elementor-image-gallery .gallery.gallery-columns-7 .gallery-item,.elementor-image-gallery .gallery.gallery-columns-8 .gallery-item,.elementor-image-gallery .gallery.gallery-columns-9 .gallery-item,.elementor-image-gallery .gallery.gallery-columns-10 .gallery-item{max-width:100%}}<\/style>\t\t<div class=\"elementor-image-gallery\">\n\t\t\t<div id='gallery-1' class='gallery galleryid-1012 gallery-columns-6 gallery-size-thumbnail'><figure class='gallery-item'>\n\t\t\t<div class='gallery-icon portrait'>\n\t\t\t\t<a data-elementor-open-lightbox=\"yes\" data-elementor-lightbox-slideshow=\"3acc833\" data-elementor-lightbox-title=\"f_voltage_V1Y_min_h4\" data-e-action-hash=\"#elementor-action%3Aaction%3Dlightbox%26settings%3DeyJpZCI6NDUsInVybCI6Imh0dHBzOlwvXC9nYW50aW5nLnNpXC93cC1jb250ZW50XC91cGxvYWRzXC8yMDIyXC8wOVwvZl92b2x0YWdlX1YxWV9taW5faDQuanBnIiwic2xpZGVzaG93IjoiM2FjYzgzMyJ9\" href='https:\/\/ganting.si\/wp-content\/uploads\/2022\/09\/f_voltage_V1Y_min_h4.jpg'><img width=\"150\" height=\"150\" src=\"https:\/\/ganting.si\/wp-content\/uploads\/2022\/09\/f_voltage_V1Y_min_h4-150x150.jpg\" class=\"attachment-thumbnail size-thumbnail\" alt=\"\" loading=\"lazy\" aria-describedby=\"gallery-1-45\" \/><\/a>\n\t\t\t<\/div>\n\t\t\t\t<figcaption class='wp-caption-text gallery-caption' id='gallery-1-45'>\n\t\t\t\tV1Y_min_h4\n\t\t\t\t<\/figcaption><\/figure><figure class='gallery-item'>\n\t\t\t<div class='gallery-icon portrait'>\n\t\t\t\t<a data-elementor-open-lightbox=\"yes\" data-elementor-lightbox-slideshow=\"3acc833\" data-elementor-lightbox-title=\"f_voltage_V1Y_max_Hx1\" data-e-action-hash=\"#elementor-action%3Aaction%3Dlightbox%26settings%3DeyJpZCI6NDQsInVybCI6Imh0dHBzOlwvXC9nYW50aW5nLnNpXC93cC1jb250ZW50XC91cGxvYWRzXC8yMDIyXC8wOVwvZl92b2x0YWdlX1YxWV9tYXhfSHgxLmpwZyIsInNsaWRlc2hvdyI6IjNhY2M4MzMifQ%3D%3D\" href='https:\/\/ganting.si\/wp-content\/uploads\/2022\/09\/f_voltage_V1Y_max_Hx1.jpg'><img width=\"124\" height=\"150\" src=\"https:\/\/ganting.si\/wp-content\/uploads\/2022\/09\/f_voltage_V1Y_max_Hx1-124x150.jpg\" class=\"attachment-thumbnail size-thumbnail\" alt=\"\" loading=\"lazy\" aria-describedby=\"gallery-1-44\" \/><\/a>\n\t\t\t<\/div>\n\t\t\t\t<figcaption class='wp-caption-text gallery-caption' id='gallery-1-44'>\n\t\t\t\tV1Y_max_Hx1\n\t\t\t\t<\/figcaption><\/figure>\n\t\t<\/div>\n\t\t<\/div>\n\t\t\t\t<\/div>\n\t\t\t\t<\/div>\n\t\t\t\t\t<\/div>\n\t\t<\/div>\n\t\t\t\t\t\t\t<\/div>\n\t\t<\/section>\n\t\t\t\t<section class=\"elementor-section elementor-top-section elementor-element elementor-element-f9deeb0 elementor-section-boxed elementor-section-height-default elementor-section-height-default\" data-id=\"f9deeb0\" data-element_type=\"section\" data-settings=\"{&quot;background_background&quot;:&quot;classic&quot;}\">\n\t\t\t\t\t\t<div class=\"elementor-container elementor-column-gap-default\">\n\t\t\t\t\t<div class=\"elementor-column elementor-col-100 elementor-top-column elementor-element elementor-element-886f67a\" data-id=\"886f67a\" data-element_type=\"column\" data-settings=\"{&quot;background_background&quot;:&quot;classic&quot;}\">\n\t\t\t<div class=\"elementor-widget-wrap elementor-element-populated\">\n\t\t\t\t\t\t\t\t<div class=\"elementor-element elementor-element-159286e elementor-widget elementor-widget-heading\" data-id=\"159286e\" data-element_type=\"widget\" data-widget_type=\"heading.default\">\n\t\t\t\t<div class=\"elementor-widget-container\">\n\t\t\t<h1 class=\"elementor-heading-title elementor-size-default\">3-fazni pod in nad-napetostni zakasnjeni rele V3Y<\/h1>\t\t<\/div>\n\t\t\t\t<\/div>\n\t\t\t\t<div class=\"elementor-element elementor-element-8089317 elementor-widget elementor-widget-text-editor\" data-id=\"8089317\" data-element_type=\"widget\" data-widget_type=\"text-editor.default\">\n\t\t\t\t<div class=\"elementor-widget-container\">\n\t\t\t\t\t\t\t<p>Samonapajana za\u0161\u010dita dobavljiva v:<\/p><ul><li>HX4 modulu, sistema Combiflex<\/li><li>H4 enoti, za povr\u0161insko monta\u017eo<\/li><\/ul>\t\t\t\t\t\t<\/div>\n\t\t\t\t<\/div>\n\t\t\t\t<div class=\"elementor-element elementor-element-238e576 elementor-widget elementor-widget-button\" data-id=\"238e576\" data-element_type=\"widget\" data-widget_type=\"button.default\">\n\t\t\t\t<div class=\"elementor-widget-container\">\n\t\t\t\t\t<div class=\"elementor-button-wrapper\">\n\t\t\t<a href=\"https:\/\/ganting.si\/wp-content\/uploads\/2022\/10\/V3Y_min_max_eng.pdf\" target=\"_blank\" class=\"elementor-button-link elementor-button elementor-size-lg elementor-animation-grow\" role=\"button\" id=\"V3Y_slo\">\n\t\t\t\t\t\t<span class=\"elementor-button-content-wrapper\">\n\t\t\t\t\t\t\t<span class=\"elementor-button-icon elementor-align-icon-right\">\n\t\t\t\t<i aria-hidden=\"true\" class=\"fas fa-angle-right\"><\/i>\t\t\t<\/span>\n\t\t\t\t\t\t<span class=\"elementor-button-text\">3-phase Under & Over-Voltage delayed relays V3Y catalogue (pdf)<\/span>\n\t\t<\/span>\n\t\t\t\t\t<\/a>\n\t\t<\/div>\n\t\t\t\t<\/div>\n\t\t\t\t<\/div>\n\t\t\t\t<div class=\"elementor-element elementor-element-77f8d3a elementor-widget elementor-widget-image-gallery\" data-id=\"77f8d3a\" data-element_type=\"widget\" data-widget_type=\"image-gallery.default\">\n\t\t\t\t<div class=\"elementor-widget-container\">\n\t\t\t\t\t<div class=\"elementor-image-gallery\">\n\t\t\t<div id='gallery-2' class='gallery galleryid-1012 gallery-columns-6 gallery-size-thumbnail'><figure class='gallery-item'>\n\t\t\t<div class='gallery-icon portrait'>\n\t\t\t\t<a data-elementor-open-lightbox=\"yes\" data-elementor-lightbox-slideshow=\"77f8d3a\" data-elementor-lightbox-title=\"f_voltage_V3Y_minmax_HX4\" data-e-action-hash=\"#elementor-action%3Aaction%3Dlightbox%26settings%3DeyJpZCI6NDMsInVybCI6Imh0dHBzOlwvXC9nYW50aW5nLnNpXC93cC1jb250ZW50XC91cGxvYWRzXC8yMDIyXC8wOVwvZl92b2x0YWdlX1YzWV9taW5tYXhfSFg0LmdpZiIsInNsaWRlc2hvdyI6Ijc3ZjhkM2EifQ%3D%3D\" href='https:\/\/ganting.si\/wp-content\/uploads\/2022\/09\/f_voltage_V3Y_minmax_HX4.gif'><img width=\"150\" height=\"150\" src=\"https:\/\/ganting.si\/wp-content\/uploads\/2022\/09\/f_voltage_V3Y_minmax_HX4-150x150.gif\" class=\"attachment-thumbnail size-thumbnail\" alt=\"\" loading=\"lazy\" aria-describedby=\"gallery-2-43\" \/><\/a>\n\t\t\t<\/div>\n\t\t\t\t<figcaption class='wp-caption-text gallery-caption' id='gallery-2-43'>\n\t\t\t\tV3Y_min+max_Hx4\n\t\t\t\t<\/figcaption><\/figure><figure class='gallery-item'>\n\t\t\t<div class='gallery-icon portrait'>\n\t\t\t\t<a data-elementor-open-lightbox=\"yes\" data-elementor-lightbox-slideshow=\"77f8d3a\" data-elementor-lightbox-title=\"f_voltage_V3Y_minmax_H4_b\" data-e-action-hash=\"#elementor-action%3Aaction%3Dlightbox%26settings%3DeyJpZCI6NDYsInVybCI6Imh0dHBzOlwvXC9nYW50aW5nLnNpXC93cC1jb250ZW50XC91cGxvYWRzXC8yMDIyXC8wOVwvZl92b2x0YWdlX1YzWV9taW5tYXhfSDRfYi5naWYiLCJzbGlkZXNob3ciOiI3N2Y4ZDNhIn0%3D\" href='https:\/\/ganting.si\/wp-content\/uploads\/2022\/09\/f_voltage_V3Y_minmax_H4_b.gif'><img width=\"150\" height=\"150\" src=\"https:\/\/ganting.si\/wp-content\/uploads\/2022\/09\/f_voltage_V3Y_minmax_H4_b-150x150.gif\" class=\"attachment-thumbnail size-thumbnail\" alt=\"\" loading=\"lazy\" aria-describedby=\"gallery-2-46\" \/><\/a>\n\t\t\t<\/div>\n\t\t\t\t<figcaption class='wp-caption-text gallery-caption' id='gallery-2-46'>\n\t\t\t\tV3Y_min+max_H4\n\t\t\t\t<\/figcaption><\/figure>\n\t\t<\/div>\n\t\t<\/div>\n\t\t\t\t<\/div>\n\t\t\t\t<\/div>\n\t\t\t\t\t<\/div>\n\t\t<\/div>\n\t\t\t\t\t\t\t<\/div>\n\t\t<\/section>\n\t\t\t\t\t\t\t<\/div>\n\t\t","protected":false},"excerpt":{"rendered":"<p>relejska za\u0161\u010dita Relejska za\u0161\u010dita Testna oprema Ganting NAPETOSTNI IN \u010cASOVNI RELEJI Eno-fazni pod ali nad-napetostni zakasnjeni rele V1Y Samonapajana za\u0161\u010dita dobavljiva v: [&hellip;]<\/p>\n","protected":false},"author":1,"featured_media":0,"parent":0,"menu_order":0,"comment_status":"closed","ping_status":"closed","template":"elementor_header_footer","meta":[],"yoast_head":"<!-- This site is optimized with the Yoast SEO plugin v20.4 - https:\/\/yoast.com\/wordpress\/plugins\/seo\/ -->\n<title>slo_voltage_relays - Ganting<\/title>\n<meta name=\"robots\" content=\"index, follow, max-snippet:-1, max-image-preview:large, max-video-preview:-1\" \/>\n<link rel=\"canonical\" href=\"https:\/\/ganting.si\/?page_id=1012\" \/>\n<meta property=\"og:locale\" content=\"sl_SI\" \/>\n<meta property=\"og:type\" content=\"article\" \/>\n<meta property=\"og:title\" content=\"slo_voltage_relays - Ganting\" \/>\n<meta property=\"og:description\" content=\"relejska za\u0161\u010dita Relejska za\u0161\u010dita Testna oprema Ganting NAPETOSTNI IN \u010cASOVNI RELEJI Eno-fazni pod ali nad-napetostni zakasnjeni rele V1Y Samonapajana za\u0161\u010dita dobavljiva v: [&hellip;]\" \/>\n<meta property=\"og:url\" content=\"https:\/\/ganting.si\/?page_id=1012\" \/>\n<meta property=\"og:site_name\" content=\"Ganting\" \/>\n<meta property=\"article:modified_time\" content=\"2022-10-07T15:28:26+00:00\" \/>\n<meta property=\"og:image\" content=\"https:\/\/ganting.si\/wp-content\/uploads\/2022\/09\/f_voltage_V1Y_min_h4-150x150.jpg\" \/>\n<meta name=\"twitter:card\" content=\"summary_large_image\" \/>\n<meta name=\"twitter:label1\" content=\"Est. reading time\" \/>\n\t<meta name=\"twitter:data1\" content=\"2 minuti\" \/>\n<script type=\"application\/ld+json\" class=\"yoast-schema-graph\">{\"@context\":\"https:\/\/schema.org\",\"@graph\":[{\"@type\":\"WebPage\",\"@id\":\"https:\/\/ganting.si\/?page_id=1012\",\"url\":\"https:\/\/ganting.si\/?page_id=1012\",\"name\":\"slo_voltage_relays - Ganting\",\"isPartOf\":{\"@id\":\"https:\/\/ganting.si\/#website\"},\"datePublished\":\"2022-09-20T15:44:12+00:00\",\"dateModified\":\"2022-10-07T15:28:26+00:00\",\"breadcrumb\":{\"@id\":\"https:\/\/ganting.si\/?page_id=1012#breadcrumb\"},\"inLanguage\":\"sl-SI\",\"potentialAction\":[{\"@type\":\"ReadAction\",\"target\":[\"https:\/\/ganting.si\/?page_id=1012\"]}]},{\"@type\":\"BreadcrumbList\",\"@id\":\"https:\/\/ganting.si\/?page_id=1012#breadcrumb\",\"itemListElement\":[{\"@type\":\"ListItem\",\"position\":1,\"name\":\"Home\",\"item\":\"https:\/\/ganting.si\/\"},{\"@type\":\"ListItem\",\"position\":2,\"name\":\"slo_voltage_relays\"}]},{\"@type\":\"WebSite\",\"@id\":\"https:\/\/ganting.si\/#website\",\"url\":\"https:\/\/ganting.si\/\",\"name\":\"Ganting\",\"description\":\"Relay protection\",\"publisher\":{\"@id\":\"https:\/\/ganting.si\/#organization\"},\"potentialAction\":[{\"@type\":\"SearchAction\",\"target\":{\"@type\":\"EntryPoint\",\"urlTemplate\":\"https:\/\/ganting.si\/?s={search_term_string}\"},\"query-input\":\"required name=search_term_string\"}],\"inLanguage\":\"sl-SI\"},{\"@type\":\"Organization\",\"@id\":\"https:\/\/ganting.si\/#organization\",\"name\":\"Relay protection Ganting\",\"url\":\"https:\/\/ganting.si\/\",\"logo\":{\"@type\":\"ImageObject\",\"inLanguage\":\"sl-SI\",\"@id\":\"https:\/\/ganting.si\/#\/schema\/logo\/image\/\",\"url\":\"https:\/\/ganting.si\/wp-content\/uploads\/2022\/09\/ganting_logo_black.png\",\"contentUrl\":\"https:\/\/ganting.si\/wp-content\/uploads\/2022\/09\/ganting_logo_black.png\",\"width\":201,\"height\":27,\"caption\":\"Relay protection Ganting\"},\"image\":{\"@id\":\"https:\/\/ganting.si\/#\/schema\/logo\/image\/\"}}]}<\/script>\n<!-- \/ Yoast SEO plugin. -->","yoast_head_json":{"title":"slo_voltage_relays - Ganting","robots":{"index":"index","follow":"follow","max-snippet":"max-snippet:-1","max-image-preview":"max-image-preview:large","max-video-preview":"max-video-preview:-1"},"canonical":"https:\/\/ganting.si\/?page_id=1012","og_locale":"sl_SI","og_type":"article","og_title":"slo_voltage_relays - Ganting","og_description":"relejska za\u0161\u010dita Relejska za\u0161\u010dita Testna oprema Ganting NAPETOSTNI IN \u010cASOVNI RELEJI Eno-fazni pod ali nad-napetostni zakasnjeni rele V1Y Samonapajana za\u0161\u010dita dobavljiva v: [&hellip;]","og_url":"https:\/\/ganting.si\/?page_id=1012","og_site_name":"Ganting","article_modified_time":"2022-10-07T15:28:26+00:00","og_image":[{"url":"https:\/\/ganting.si\/wp-content\/uploads\/2022\/09\/f_voltage_V1Y_min_h4-150x150.jpg"}],"twitter_card":"summary_large_image","twitter_misc":{"Est. reading time":"2 minuti"},"schema":{"@context":"https:\/\/schema.org","@graph":[{"@type":"WebPage","@id":"https:\/\/ganting.si\/?page_id=1012","url":"https:\/\/ganting.si\/?page_id=1012","name":"slo_voltage_relays - Ganting","isPartOf":{"@id":"https:\/\/ganting.si\/#website"},"datePublished":"2022-09-20T15:44:12+00:00","dateModified":"2022-10-07T15:28:26+00:00","breadcrumb":{"@id":"https:\/\/ganting.si\/?page_id=1012#breadcrumb"},"inLanguage":"sl-SI","potentialAction":[{"@type":"ReadAction","target":["https:\/\/ganting.si\/?page_id=1012"]}]},{"@type":"BreadcrumbList","@id":"https:\/\/ganting.si\/?page_id=1012#breadcrumb","itemListElement":[{"@type":"ListItem","position":1,"name":"Home","item":"https:\/\/ganting.si\/"},{"@type":"ListItem","position":2,"name":"slo_voltage_relays"}]},{"@type":"WebSite","@id":"https:\/\/ganting.si\/#website","url":"https:\/\/ganting.si\/","name":"Ganting","description":"Relay protection","publisher":{"@id":"https:\/\/ganting.si\/#organization"},"potentialAction":[{"@type":"SearchAction","target":{"@type":"EntryPoint","urlTemplate":"https:\/\/ganting.si\/?s={search_term_string}"},"query-input":"required name=search_term_string"}],"inLanguage":"sl-SI"},{"@type":"Organization","@id":"https:\/\/ganting.si\/#organization","name":"Relay protection Ganting","url":"https:\/\/ganting.si\/","logo":{"@type":"ImageObject","inLanguage":"sl-SI","@id":"https:\/\/ganting.si\/#\/schema\/logo\/image\/","url":"https:\/\/ganting.si\/wp-content\/uploads\/2022\/09\/ganting_logo_black.png","contentUrl":"https:\/\/ganting.si\/wp-content\/uploads\/2022\/09\/ganting_logo_black.png","width":201,"height":27,"caption":"Relay protection Ganting"},"image":{"@id":"https:\/\/ganting.si\/#\/schema\/logo\/image\/"}}]}},"_links":{"self":[{"href":"https:\/\/ganting.si\/index.php?rest_route=\/wp\/v2\/pages\/1012"}],"collection":[{"href":"https:\/\/ganting.si\/index.php?rest_route=\/wp\/v2\/pages"}],"about":[{"href":"https:\/\/ganting.si\/index.php?rest_route=\/wp\/v2\/types\/page"}],"author":[{"embeddable":true,"href":"https:\/\/ganting.si\/index.php?rest_route=\/wp\/v2\/users\/1"}],"replies":[{"embeddable":true,"href":"https:\/\/ganting.si\/index.php?rest_route=%2Fwp%2Fv2%2Fcomments&post=1012"}],"version-history":[{"count":43,"href":"https:\/\/ganting.si\/index.php?rest_route=\/wp\/v2\/pages\/1012\/revisions"}],"predecessor-version":[{"id":2132,"href":"https:\/\/ganting.si\/index.php?rest_route=\/wp\/v2\/pages\/1012\/revisions\/2132"}],"wp:attachment":[{"href":"https:\/\/ganting.si\/index.php?rest_route=%2Fwp%2Fv2%2Fmedia&parent=1012"}],"curies":[{"name":"wp","href":"https:\/\/api.w.org\/{rel}","templated":true}]}}